{"id":71,"date":"2022-06-11T22:39:20","date_gmt":"2022-06-11T21:39:20","guid":{"rendered":"https:\/\/safewheels.wordifysites.com\/?page_id=71"},"modified":"2023-11-22T09:57:41","modified_gmt":"2023-11-22T08:57:41","slug":"%e8%81%94%e7%b3%bb%e6%88%91%e4%bb%ac","status":"publish","type":"page","link":"https:\/\/softproof.com\/zh\/contact-us\/","title":{"rendered":"\u8054\u7cfb\u6211\u4eec"},"content":{"rendered":"<section class=\"gb-container gb-container-1537fc24\">\n<div class=\"gb-container gb-container-e58aed2b\">\n\n<h2 class=\"gb-headline gb-headline-c5003b59 gb-headline-text\">Get in touch<\/h2>\n\n\n\n<p class=\"gb-headline gb-headline-f5f6ce8a gb-headline-text\">Softproof.com is a project of<\/p>\n\n\n\n<p>Proof GmbH<br>Matthias Betz<br>G\u00f6lzstra\u00dfe 17<br>72072 T\u00fcbingen<br>GERMANY<\/p>\n\n\n\n<p><a href=\"https:\/\/www.proof.de\n\">https:\/\/www.proof.de<br><\/a><a href=\"https:\/\/shop.proof.de\n\">https:\/\/shop.proof.de<br><\/a><a href=\"mailto:info@proof.de\">info@proof.de<\/a><\/p>\n\n\n<div class=\"gb-container gb-container-c1d4759b\">\n\n<span class=\"gb-button gb-button-10e59523\"><span class=\"gb-icon\"><svg xmlns=\"http:\/\/www.w3.org\/2000\/svg\" viewBox=\"0 0 512 512\" width=\"1em\" height=\"1em\" aria-hidden=\"true\"><path d=\"M464 64H48C21.49 64 0 85.49 0 112v288c0 26.51 21.49 48 48 48h416c26.51 0 48-21.49 48-48V112c0-26.51-21.49-48-48-48zm0 48v40.805c-22.422 18.259-58.168 46.651-134.587 106.49-16.841 13.247-50.201 45.072-73.413 44.701-23.208.375-56.579-31.459-73.413-44.701C106.18 199.465 70.425 171.067 48 152.805V112h416zM48 400V214.398c22.914 18.251 55.409 43.862 104.938 82.646 21.857 17.205 60.134 55.186 103.062 54.955 42.717.231 80.509-37.199 103.053-54.947 49.528-38.783 82.032-64.401 104.947-82.653V400H48z\" fill=\"currentColor\"><\/path><\/svg><\/span><\/span>\n\n\n<div class=\"gb-container gb-container-73575364\">\n\n<h3 class=\"gb-headline gb-headline-c3604ae8 gb-headline-text\">Email<\/h3>\n\n\n\n<p class=\"gb-headline gb-headline-f3e4fae6 gb-headline-text\"><a href=\"mailto:info@softproof.com\">info@softproof.com<\/a><\/p>\n\n<\/div>\n<\/div>\n\n<div class=\"gb-container gb-container-eacb46a4\">\n\n<span class=\"gb-button gb-button-989d5264\"><span class=\"gb-icon\"><svg xmlns=\"http:\/\/www.w3.org\/2000\/svg\" xml:space=\"preserve\" style=\"enable-background:new 0 0 278.567 278.567\" viewBox=\"0 0 278.567 278.567\"><path d=\"m271.245 212.376-42.426-42.426c-9.747-9.748-25.608-9.747-35.355 0l-5.604 5.604a22.773 22.773 0 0 1-16.21 6.715 22.773 22.773 0 0 1-16.21-6.715l-52.432-52.433a22.773 22.773 0 0 1-6.715-16.21c0-6.124 2.385-11.88 6.715-16.21l5.604-5.604c9.748-9.747 9.748-25.608 0-35.355L66.184 7.316c-9.747-9.748-25.608-9.748-35.355 0-35.842 35.841-41.047 92.195-12.378 133.996C50.52 188.071 90.49 228.04 137.248 260.109a104.985 104.985 0 0 0 59.508 18.452c27.162-.001 54.135-10.476 74.488-30.829 4.722-4.722 7.323-11 7.323-17.678s-2.6-12.956-7.322-17.678zM43.557 20.042c1.322-1.321 3.08-2.049 4.95-2.049s3.628.728 4.95 2.05l42.426 42.426c1.322 1.322 2.05 3.08 2.05 4.95s-.728 3.627-2.05 4.95l-2.525 2.525-52.27-52.27a89.44 89.44 0 0 1 2.469-2.582zm103.872 225.223c-44.923-30.811-83.323-69.211-114.134-114.134-19.572-28.537-20.084-65.246-3.069-93.912l52.046 52.046c-2.603 5.44-3.981 11.437-3.981 17.646 0 10.932 4.257 21.209 11.987 28.938l52.432 52.432c7.73 7.73 18.007 11.987 28.938 11.987 6.209 0 12.206-1.377 17.646-3.981l52.047 52.047c-28.665 17.015-65.374 16.504-93.912-3.069zm111.088-10.262a88.012 88.012 0 0 1-2.581 2.469l-52.27-52.27 2.525-2.525c1.322-1.322 3.08-2.05 4.95-2.05s3.628.728 4.95 2.05l42.426 42.426c2.729 2.729 2.729 7.171 0 9.9z\"><\/path><\/svg><\/span><\/span>\n\n\n<div class=\"gb-container gb-container-d8cf6b83\">\n\n<h3 class=\"gb-headline gb-headline-fd6f5d8d gb-headline-text\">Phone<\/h3>\n\n\n\n<p class=\"gb-headline gb-headline-743f3387 gb-headline-text\"><a href=\"tel: 0800 900 1000\"><\/a><a href=\"tel:+49 7071 -79527-40\">+49 7071 -79527-40<\/a><\/p>\n\n<\/div>\n<\/div>\n\n<div class=\"gb-container gb-container-0a31b6cd\">\n\n<span class=\"gb-button gb-button-e9624d06\"><span class=\"gb-icon\"><svg viewBox=\"0 0 368.666 368.666\" style=\"enable-background:new 0 0 368.666 368.666\" xml:space=\"preserve\" xmlns=\"http:\/\/www.w3.org\/2000\/svg\"><path d=\"M184.333 0C102.01 0 35.036 66.974 35.036 149.297c0 33.969 11.132 65.96 32.193 92.515 27.27 34.383 106.572 116.021 109.934 119.479l7.169 7.375 7.17-7.374c3.364-3.46 82.69-85.116 109.964-119.51 21.042-26.534 32.164-58.514 32.164-92.485C333.63 66.974 266.656 0 184.333 0zm101.462 229.355c-21.956 27.687-80.92 89.278-101.462 110.581-20.54-21.302-79.483-82.875-101.434-110.552-18.228-22.984-27.863-50.677-27.863-80.087C55.036 78.002 113.038 20 184.333 20c71.294 0 129.297 58.002 129.296 129.297 0 29.412-9.625 57.096-27.834 80.058z\"><\/path><path d=\"M184.333 59.265c-48.73 0-88.374 39.644-88.374 88.374s39.645 88.374 88.374 88.374 88.374-39.645 88.374-88.374-39.644-88.374-88.374-88.374zm0 156.748c-37.702 0-68.374-30.673-68.374-68.374 0-37.702 30.673-68.374 68.374-68.374s68.373 30.673 68.374 68.374c0 37.702-30.672 68.374-68.374 68.374z\"><\/path><\/svg><\/span><\/span>\n\n\n<div class=\"gb-container gb-container-25a02a25\">\n\n<h3 class=\"gb-headline gb-headline-eec48bfe gb-headline-text\">Location<\/h3>\n\n\n\n<p class=\"gb-headline gb-headline-ea38b2da gb-headline-text\">G\u00f6lzstra\u00dfe 17, 72072 T\u00fcbingen<\/p>\n\n<\/div>\n<\/div>\n<\/div>\n\n<div class=\"gb-container gb-container-c8cf2232\">\n<div class=\"gb-container gb-container-e1b862cc\">\n\n<h3 class=\"gb-headline gb-headline-1f8b675c gb-headline-text\">Leave us a message and we will get back to you<\/h3>\n\n<\/div>\n\n\n<style id=\"wpforms-css-vars-1619\">\n\t\t\t\t#wpforms-1619 {\n\t\t\t\t--wpforms-container-padding: 0px;\n--wpforms-container-border-width: 1px;\n--wpforms-container-border-radius: 3px;\n--wpforms-background-color: rgba(0, 0, 0, 0);\n--wpforms-field-size-input-height: 43px;\n--wpforms-field-size-input-spacing: 15px;\n--wpforms-field-size-font-size: 16px;\n--wpforms-field-size-line-height: 19px;\n--wpforms-field-size-padding-h: 14px;\n--wpforms-field-size-checkbox-size: 16px;\n--wpforms-field-size-sublabel-spacing: 5px;\n--wpforms-field-size-icon-size: 1;\n--wpforms-label-size-font-size: 16px;\n--wpforms-label-size-line-height: 19px;\n--wpforms-label-size-sublabel-font-size: 14px;\n--wpforms-label-size-sublabel-line-height: 17px;\n--wpforms-button-size-font-size: 17px;\n--wpforms-button-size-height: 41px;\n--wpforms-button-size-padding-h: 15px;\n--wpforms-button-size-margin-top: 10px;\n--wpforms-container-shadow-size-box-shadow: none;\n\t\t\t}\n\t\t\t<\/style><div class=\"wpforms-container wpforms-container-full wpforms-render-modern\" id=\"wpforms-1619\"><form id=\"wpforms-form-1619\" class=\"wpforms-validate wpforms-form wpforms-ajax-form\" data-formid=\"1619\" method=\"post\" enctype=\"multipart\/form-data\" action=\"\/zh\/wp-json\/wp\/v2\/pages\/71\" data-token=\"385ff0a519335666b29cf053fca28720\" data-token-time=\"1776623634\"><noscript class=\"wpforms-error-noscript\">\u8bf7\u5728\u6d4f\u89c8\u5668\u4e2d\u542f\u7528JavaScript\u6765\u5b8c\u6210\u6b64\u8868\u5355\u3002<\/noscript><div id=\"wpforms-error-noscript\" style=\"display: none;\">\u8bf7\u5728\u6d4f\u89c8\u5668\u4e2d\u542f\u7528JavaScript\u6765\u5b8c\u6210\u6b64\u8868\u5355\u3002<\/div><div class=\"wpforms-field-container\"><div id=\"wpforms-1619-field_0-container\" class=\"wpforms-field wpforms-field-name\" data-field-id=\"0\"><label class=\"wpforms-field-label\" for=\"wpforms-1619-field_0\">Name <span class=\"wpforms-required-label\" aria-hidden=\"true\">*<\/span><\/label><input type=\"text\" id=\"wpforms-1619-field_0\" class=\"wpforms-field-large wpforms-field-required\" name=\"wpforms[fields][0]\" aria-errormessage=\"wpforms-1619-field_0-error\" required><\/div><div id=\"wpforms-1619-field_3-container\" class=\"wpforms-field wpforms-field-text\" data-field-id=\"3\"><label class=\"wpforms-field-label\" for=\"wpforms-1619-field_3\">Your Business \/ Organization<\/label><input type=\"text\" id=\"wpforms-1619-field_3\" class=\"wpforms-field-large\" name=\"wpforms[fields][3]\" aria-errormessage=\"wpforms-1619-field_3-error\" ><\/div><div id=\"wpforms-1619-field_1-container\" class=\"wpforms-field wpforms-field-email\" data-field-id=\"1\"><label class=\"wpforms-field-label\" for=\"wpforms-1619-field_1\">Email <span class=\"wpforms-required-label\" aria-hidden=\"true\">*<\/span><\/label><input type=\"email\" id=\"wpforms-1619-field_1\" class=\"wpforms-field-large wpforms-field-required\" name=\"wpforms[fields][1]\" spellcheck=\"false\" aria-errormessage=\"wpforms-1619-field_1-error\" required><\/div>\t\t<div id=\"wpforms-1619-field_6-container\"\n\t\t\tclass=\"wpforms-field wpforms-field-text\"\n\t\t\tdata-field-type=\"text\"\n\t\t\tdata-field-id=\"6\"\n\t\t\t>\n\t\t\t<label class=\"wpforms-field-label\" for=\"wpforms-1619-field_6\" >interested rent GDPR<\/label>\n\t\t\t<input type=\"text\" id=\"wpforms-1619-field_6\" class=\"wpforms-field-medium\" name=\"wpforms[fields][6]\" >\n\t\t<\/div>\n\t\t<div id=\"wpforms-1619-field_5-container\" class=\"wpforms-field wpforms-field-text\" data-field-id=\"5\"><label class=\"wpforms-field-label\" for=\"wpforms-1619-field_5\">Telephone<\/label><input type=\"text\" id=\"wpforms-1619-field_5\" class=\"wpforms-field-large\" name=\"wpforms[fields][5]\" aria-errormessage=\"wpforms-1619-field_5-error\" ><\/div><div id=\"wpforms-1619-field_4-container\" class=\"wpforms-field wpforms-field-radio\" data-field-id=\"4\"><fieldset><legend class=\"wpforms-field-label\">I am interested in <span class=\"wpforms-required-label\" aria-hidden=\"true\">*<\/span><\/legend><ul id=\"wpforms-1619-field_4\" class=\"wpforms-field-required\"><li class=\"choice-1 depth-1\"><input type=\"radio\" id=\"wpforms-1619-field_4_1\" name=\"wpforms[fields][4]\" value=\"Spectraproof Professional\" aria-errormessage=\"wpforms-1619-field_4_1-error\" required ><label class=\"wpforms-field-label-inline\" for=\"wpforms-1619-field_4_1\">Spectraproof Professional<\/label><\/li><li class=\"choice-2 depth-1\"><input type=\"radio\" id=\"wpforms-1619-field_4_2\" name=\"wpforms[fields][4]\" value=\"Spectraproof Standard\" aria-errormessage=\"wpforms-1619-field_4_2-error\" required ><label class=\"wpforms-field-label-inline\" for=\"wpforms-1619-field_4_2\">Spectraproof Standard<\/label><\/li><li class=\"choice-3 depth-1\"><input type=\"radio\" id=\"wpforms-1619-field_4_3\" name=\"wpforms[fields][4]\" value=\"Spectraproof Viewer\" aria-errormessage=\"wpforms-1619-field_4_3-error\" required ><label class=\"wpforms-field-label-inline\" for=\"wpforms-1619-field_4_3\">Spectraproof Viewer<\/label><\/li><\/ul><\/fieldset><\/div><div id=\"wpforms-1619-field_7-container\" class=\"wpforms-field wpforms-field-radio\" data-field-id=\"7\"><fieldset><legend class=\"wpforms-field-label\">We want <span class=\"wpforms-required-label\" aria-hidden=\"true\">*<\/span><\/legend><ul id=\"wpforms-1619-field_7\" class=\"wpforms-field-required\"><li class=\"choice-2 depth-1\"><input type=\"radio\" id=\"wpforms-1619-field_7_2\" name=\"wpforms[fields][7]\" value=\"a remote demo\" aria-errormessage=\"wpforms-1619-field_7_2-error\" required ><label class=\"wpforms-field-label-inline\" for=\"wpforms-1619-field_7_2\">a remote demo<\/label><\/li><li class=\"choice-3 depth-1\"><input type=\"radio\" id=\"wpforms-1619-field_7_3\" name=\"wpforms[fields][7]\" value=\"a demo installation\" aria-errormessage=\"wpforms-1619-field_7_3-error\" required ><label class=\"wpforms-field-label-inline\" for=\"wpforms-1619-field_7_3\">a demo installation<\/label><\/li><li class=\"choice-1 depth-1\"><input type=\"radio\" id=\"wpforms-1619-field_7_1\" name=\"wpforms[fields][7]\" value=\"you to contact us\" aria-errormessage=\"wpforms-1619-field_7_1-error\" required ><label class=\"wpforms-field-label-inline\" for=\"wpforms-1619-field_7_1\">you to contact us<\/label><\/li><\/ul><\/fieldset><\/div><div id=\"wpforms-1619-field_9-container\" class=\"wpforms-field wpforms-field-radio\" data-field-id=\"9\"><fieldset><legend class=\"wpforms-field-label\">Would you like to rent or buy Spectraproof<\/legend><ul id=\"wpforms-1619-field_9\"><li class=\"choice-1 depth-1\"><input type=\"radio\" id=\"wpforms-1619-field_9_1\" name=\"wpforms[fields][9]\" value=\"Buy\" aria-errormessage=\"wpforms-1619-field_9_1-error\"  ><label class=\"wpforms-field-label-inline\" for=\"wpforms-1619-field_9_1\">Buy<\/label><\/li><li class=\"choice-2 depth-1\"><input type=\"radio\" id=\"wpforms-1619-field_9_2\" name=\"wpforms[fields][9]\" value=\"Rent\" aria-errormessage=\"wpforms-1619-field_9_2-error\"  ><label class=\"wpforms-field-label-inline\" for=\"wpforms-1619-field_9_2\">Rent<\/label><\/li><\/ul><\/fieldset><\/div><div id=\"wpforms-1619-field_2-container\" class=\"wpforms-field wpforms-field-textarea\" data-field-id=\"2\"><label class=\"wpforms-field-label\" for=\"wpforms-1619-field_2\">Comment or Message<\/label><textarea id=\"wpforms-1619-field_2\" class=\"wpforms-field-large\" name=\"wpforms[fields][2]\" aria-errormessage=\"wpforms-1619-field_2-error\" ><\/textarea><\/div><div id=\"wpforms-1619-field_8-container\" class=\"wpforms-field wpforms-field-gdpr-checkbox\" data-field-id=\"8\"><label class=\"wpforms-field-label\">GDPR Agreement <span class=\"wpforms-required-label\" aria-hidden=\"true\">*<\/span><\/label><ul id=\"wpforms-1619-field_8\" class=\"wpforms-field-required\"><li class=\"choice-1\"><input type=\"checkbox\" id=\"wpforms-1619-field_8_1\" name=\"wpforms[fields][8][]\" value=\"I consent to having this website store my submitted information so they can respond to my inquiry.\" aria-errormessage=\"wpforms-1619-field_8_1-error\" required ><label class=\"wpforms-field-label-inline\" for=\"wpforms-1619-field_8_1\">I consent to having this website store my submitted information so they can respond to my inquiry.<\/label><\/li><\/ul><\/div><script>\n\t\t\t\t( function() {\n\t\t\t\t\tconst style = document.createElement( 'style' );\n\t\t\t\t\tstyle.appendChild( document.createTextNode( '#wpforms-1619-field_6-container { position: absolute !important; overflow: hidden !important; display: inline !important; height: 1px !important; width: 1px !important; z-index: -1000 !important; padding: 0 !important; } #wpforms-1619-field_6-container input { visibility: hidden; } #wpforms-conversational-form-page #wpforms-1619-field_6-container label { counter-increment: none; }' ) );\n\t\t\t\t\tdocument.head.appendChild( style );\n\t\t\t\t\tdocument.currentScript?.remove();\n\t\t\t\t} )();\n\t\t\t<\/script><\/div><!-- .wpforms-field-container --><div class=\"wpforms-submit-container\" ><input type=\"hidden\" name=\"wpforms[id]\" value=\"1619\"><input type=\"hidden\" name=\"page_title\" value=\"\"><input type=\"hidden\" name=\"page_url\" value=\"https:\/\/softproof.com\/zh\/wp-json\/wp\/v2\/pages\/71\"><input type=\"hidden\" name=\"url_referer\" value=\"\"><button type=\"submit\" name=\"wpforms[submit]\" id=\"wpforms-submit-1619\" class=\"wpforms-submit\" data-alt-text=\"Sending...\" data-submit-text=\"Submit\" aria-live=\"assertive\" value=\"wpforms-submit\">Submit<\/button><img decoding=\"async\" src=\"https:\/\/softproof.com\/wp-content\/plugins\/wpforms-lite\/assets\/images\/submit-spin.svg\" class=\"wpforms-submit-spinner\" style=\"display: none;\" width=\"26\" height=\"26\" alt=\"\u52a0\u8f7d\"><\/div><\/form><\/div>  <!-- .wpforms-container -->\n\n<\/div>\n<\/section>","protected":false},"excerpt":{"rendered":"<p>\u8054\u7cfb\u6211\u4eec Softproof.com \u662f Proof GmbHM \u7684\u4e00\u4e2a\u9879\u76ee Matthias BetzG\u00f6lzstra\u00dfe 1772072 T\u00fcbingenGERMANY https:\/\/www.proof.dehttps:\/\/shop.proof.deinfo@proof.de Email info@softproof.com Phone +49 7071 -79527-40 Location G\u00f6lzstra\u00dfe 17, 72072 T\u00fcbingen \u7ed9\u6211\u4eec\u7559\u8a00\uff0c\u6211\u4eec\u4f1a\u5c3d\u5feb\u56de\u590d\u60a8\u3002<\/p>","protected":false},"author":1,"featured_media":365,"parent":0,"menu_order":0,"comment_status":"closed","ping_status":"closed","template":"","meta":{"CBBTypography":[],"footnotes":""},"class_list":["post-71","page","type-page","status-publish","has-post-thumbnail"],"yoast_head":"<!-- This site is optimized with the Yoast SEO plugin v27.1.1 - https:\/\/yoast.com\/product\/yoast-seo-wordpress\/ -->\n<title>Contact Us - Softproof.com<\/title>\n<meta name=\"description\" content=\"Softproof.com is a project of the Company Proof GmbH, its Director Matthias Betz in G\u00f6lzstra\u00dfe 17, 72072 T\u00fcbingen, GERMANY\" \/>\n<meta name=\"robots\" content=\"index, follow, max-snippet:-1, max-image-preview:large, max-video-preview:-1\" \/>\n<link rel=\"canonical\" href=\"https:\/\/softproof.com\/zh\/\u8054\u7cfb\u6211\u4eec\/\" \/>\n<meta property=\"og:locale\" content=\"zh_CN\" \/>\n<meta property=\"og:type\" content=\"article\" \/>\n<meta property=\"og:title\" content=\"Contact Us - Softproof.com\" \/>\n<meta property=\"og:description\" content=\"Softproof.com is a project of the Company Proof GmbH, its Director Matthias Betz in G\u00f6lzstra\u00dfe 17, 72072 T\u00fcbingen, GERMANY\" \/>\n<meta property=\"og:url\" content=\"https:\/\/softproof.com\/zh\/\u8054\u7cfb\u6211\u4eec\/\" \/>\n<meta property=\"og:site_name\" content=\"Softproof.com\" \/>\n<meta property=\"article:modified_time\" content=\"2023-11-22T08:57:41+00:00\" \/>\n<meta property=\"og:image\" content=\"https:\/\/softproof.com\/wp-content\/uploads\/2022\/06\/julian-hochgesang-Dkn8-zPIbwo-unsplash.jpg\" \/>\n\t<meta property=\"og:image:width\" content=\"1920\" \/>\n\t<meta property=\"og:image:height\" content=\"1280\" \/>\n\t<meta property=\"og:image:type\" content=\"image\/jpeg\" \/>\n<meta name=\"twitter:card\" content=\"summary_large_image\" \/>\n<meta name=\"twitter:label1\" content=\"\u9884\u8ba1\u9605\u8bfb\u65f6\u95f4\" \/>\n\t<meta name=\"twitter:data1\" content=\"1 \u5206\" \/>\n<script type=\"application\/ld+json\" class=\"yoast-schema-graph\">{\"@context\":\"https:\/\/schema.org\",\"@graph\":[{\"@type\":\"WebPage\",\"@id\":\"https:\/\/softproof.com\/contact-us\/\",\"url\":\"https:\/\/softproof.com\/contact-us\/\",\"name\":\"Contact Us - Softproof.com\",\"isPartOf\":{\"@id\":\"https:\/\/softproof.com\/#website\"},\"primaryImageOfPage\":{\"@id\":\"https:\/\/softproof.com\/contact-us\/#primaryimage\"},\"image\":{\"@id\":\"https:\/\/softproof.com\/contact-us\/#primaryimage\"},\"thumbnailUrl\":\"https:\/\/softproof.com\/wp-content\/uploads\/2022\/06\/julian-hochgesang-Dkn8-zPIbwo-unsplash.jpg\",\"datePublished\":\"2022-06-11T21:39:20+00:00\",\"dateModified\":\"2023-11-22T08:57:41+00:00\",\"description\":\"Softproof.com is a project of the Company Proof GmbH, its Director Matthias Betz in G\u00f6lzstra\u00dfe 17, 72072 T\u00fcbingen, GERMANY\",\"breadcrumb\":{\"@id\":\"https:\/\/softproof.com\/contact-us\/#breadcrumb\"},\"inLanguage\":\"zh-Hans\",\"potentialAction\":[{\"@type\":\"ReadAction\",\"target\":[\"https:\/\/softproof.com\/contact-us\/\"]}]},{\"@type\":\"ImageObject\",\"inLanguage\":\"zh-Hans\",\"@id\":\"https:\/\/softproof.com\/contact-us\/#primaryimage\",\"url\":\"https:\/\/softproof.com\/wp-content\/uploads\/2022\/06\/julian-hochgesang-Dkn8-zPIbwo-unsplash.jpg\",\"contentUrl\":\"https:\/\/softproof.com\/wp-content\/uploads\/2022\/06\/julian-hochgesang-Dkn8-zPIbwo-unsplash.jpg\",\"width\":1920,\"height\":1280},{\"@type\":\"BreadcrumbList\",\"@id\":\"https:\/\/softproof.com\/contact-us\/#breadcrumb\",\"itemListElement\":[{\"@type\":\"ListItem\",\"position\":1,\"name\":\"Home\",\"item\":\"https:\/\/softproof.com\/\"},{\"@type\":\"ListItem\",\"position\":2,\"name\":\"Contact Us\"}]},{\"@type\":\"WebSite\",\"@id\":\"https:\/\/softproof.com\/#website\",\"url\":\"https:\/\/softproof.com\/\",\"name\":\"Softproof.com\",\"description\":\"Softproofing made easy ...\",\"publisher\":{\"@id\":\"https:\/\/softproof.com\/#organization\"},\"potentialAction\":[{\"@type\":\"SearchAction\",\"target\":{\"@type\":\"EntryPoint\",\"urlTemplate\":\"https:\/\/softproof.com\/?s={search_term_string}\"},\"query-input\":{\"@type\":\"PropertyValueSpecification\",\"valueRequired\":true,\"valueName\":\"search_term_string\"}}],\"inLanguage\":\"zh-Hans\"},{\"@type\":\"Organization\",\"@id\":\"https:\/\/softproof.com\/#organization\",\"name\":\"Proof GmbH\",\"url\":\"https:\/\/softproof.com\/\",\"logo\":{\"@type\":\"ImageObject\",\"inLanguage\":\"zh-Hans\",\"@id\":\"https:\/\/softproof.com\/#\/schema\/logo\/image\/\",\"url\":\"https:\/\/softproof.com\/wp-content\/uploads\/2023\/11\/spicon.png\",\"contentUrl\":\"https:\/\/softproof.com\/wp-content\/uploads\/2023\/11\/spicon.png\",\"width\":250,\"height\":250,\"caption\":\"Proof GmbH\"},\"image\":{\"@id\":\"https:\/\/softproof.com\/#\/schema\/logo\/image\/\"}}]}<\/script>\n<!-- \/ Yoast SEO plugin. -->","yoast_head_json":{"title":"\u8054\u7cfb\u6211\u4eec - Softproof.com","description":"Softproof.com \u662f Proof GmbH \u516c\u53f8\u7684\u4e00\u4e2a\u9879\u76ee\uff0c\u5176\u8d1f\u8d23\u4eba Matthias Betz \u4f4d\u4e8e\u5fb7\u56fd\u56fe\u5bbe\u6839\u5e02 G\u00f6lzstra\u00dfe 17 \u53f7\uff0c\u90ae\u7f16 72072\u3002","robots":{"index":"index","follow":"follow","max-snippet":"max-snippet:-1","max-image-preview":"max-image-preview:large","max-video-preview":"max-video-preview:-1"},"canonical":"https:\/\/softproof.com\/zh\/\u8054\u7cfb\u6211\u4eec\/","og_locale":"zh_CN","og_type":"article","og_title":"Contact Us - Softproof.com","og_description":"Softproof.com is a project of the Company Proof GmbH, its Director Matthias Betz in G\u00f6lzstra\u00dfe 17, 72072 T\u00fcbingen, GERMANY","og_url":"https:\/\/softproof.com\/zh\/\u8054\u7cfb\u6211\u4eec\/","og_site_name":"Softproof.com","article_modified_time":"2023-11-22T08:57:41+00:00","og_image":[{"width":1920,"height":1280,"url":"https:\/\/softproof.com\/wp-content\/uploads\/2022\/06\/julian-hochgesang-Dkn8-zPIbwo-unsplash.jpg","type":"image\/jpeg"}],"twitter_card":"summary_large_image","twitter_misc":{"\u9884\u8ba1\u9605\u8bfb\u65f6\u95f4":"1 \u5206"},"schema":{"@context":"https:\/\/schema.org","@graph":[{"@type":"WebPage","@id":"https:\/\/softproof.com\/contact-us\/","url":"https:\/\/softproof.com\/contact-us\/","name":"\u8054\u7cfb\u6211\u4eec - Softproof.com","isPartOf":{"@id":"https:\/\/softproof.com\/#website"},"primaryImageOfPage":{"@id":"https:\/\/softproof.com\/contact-us\/#primaryimage"},"image":{"@id":"https:\/\/softproof.com\/contact-us\/#primaryimage"},"thumbnailUrl":"https:\/\/softproof.com\/wp-content\/uploads\/2022\/06\/julian-hochgesang-Dkn8-zPIbwo-unsplash.jpg","datePublished":"2022-06-11T21:39:20+00:00","dateModified":"2023-11-22T08:57:41+00:00","description":"Softproof.com \u662f Proof GmbH \u516c\u53f8\u7684\u4e00\u4e2a\u9879\u76ee\uff0c\u5176\u8d1f\u8d23\u4eba Matthias Betz \u4f4d\u4e8e\u5fb7\u56fd\u56fe\u5bbe\u6839\u5e02 G\u00f6lzstra\u00dfe 17 \u53f7\uff0c\u90ae\u7f16 72072\u3002","breadcrumb":{"@id":"https:\/\/softproof.com\/contact-us\/#breadcrumb"},"inLanguage":"zh-Hans","potentialAction":[{"@type":"ReadAction","target":["https:\/\/softproof.com\/contact-us\/"]}]},{"@type":"ImageObject","inLanguage":"zh-Hans","@id":"https:\/\/softproof.com\/contact-us\/#primaryimage","url":"https:\/\/softproof.com\/wp-content\/uploads\/2022\/06\/julian-hochgesang-Dkn8-zPIbwo-unsplash.jpg","contentUrl":"https:\/\/softproof.com\/wp-content\/uploads\/2022\/06\/julian-hochgesang-Dkn8-zPIbwo-unsplash.jpg","width":1920,"height":1280},{"@type":"BreadcrumbList","@id":"https:\/\/softproof.com\/contact-us\/#breadcrumb","itemListElement":[{"@type":"ListItem","position":1,"name":"Home","item":"https:\/\/softproof.com\/"},{"@type":"ListItem","position":2,"name":"Contact Us"}]},{"@type":"WebSite","@id":"https:\/\/softproof.com\/#website","url":"https:\/\/softproof.com\/","name":"Softproof.com","description":"Softproofing \u53d8\u5f97\u7b80\u5355...","publisher":{"@id":"https:\/\/softproof.com\/#organization"},"potentialAction":[{"@type":"SearchAction","target":{"@type":"EntryPoint","urlTemplate":"https:\/\/softproof.com\/?s={search_term_string}"},"query-input":{"@type":"PropertyValueSpecification","valueRequired":true,"valueName":"search_term_string"}}],"inLanguage":"zh-Hans"},{"@type":"Organization","@id":"https:\/\/softproof.com\/#organization","name":"Proof GmbH","url":"https:\/\/softproof.com\/","logo":{"@type":"ImageObject","inLanguage":"zh-Hans","@id":"https:\/\/softproof.com\/#\/schema\/logo\/image\/","url":"https:\/\/softproof.com\/wp-content\/uploads\/2023\/11\/spicon.png","contentUrl":"https:\/\/softproof.com\/wp-content\/uploads\/2023\/11\/spicon.png","width":250,"height":250,"caption":"Proof GmbH"},"image":{"@id":"https:\/\/softproof.com\/#\/schema\/logo\/image\/"}}]}},"_links":{"self":[{"href":"https:\/\/softproof.com\/zh\/wp-json\/wp\/v2\/pages\/71","targetHints":{"allow":["GET"]}}],"collection":[{"href":"https:\/\/softproof.com\/zh\/wp-json\/wp\/v2\/pages"}],"about":[{"href":"https:\/\/softproof.com\/zh\/wp-json\/wp\/v2\/types\/page"}],"author":[{"embeddable":true,"href":"https:\/\/softproof.com\/zh\/wp-json\/wp\/v2\/users\/1"}],"replies":[{"embeddable":true,"href":"https:\/\/softproof.com\/zh\/wp-json\/wp\/v2\/comments?post=71"}],"version-history":[{"count":6,"href":"https:\/\/softproof.com\/zh\/wp-json\/wp\/v2\/pages\/71\/revisions"}],"predecessor-version":[{"id":2033,"href":"https:\/\/softproof.com\/zh\/wp-json\/wp\/v2\/pages\/71\/revisions\/2033"}],"wp:featuredmedia":[{"embeddable":true,"href":"https:\/\/softproof.com\/zh\/wp-json\/wp\/v2\/media\/365"}],"wp:attachment":[{"href":"https:\/\/softproof.com\/zh\/wp-json\/wp\/v2\/media?parent=71"}],"curies":[{"name":"wp","href":"https:\/\/api.w.org\/{rel}","templated":true}]}}