{"id":1720,"date":"2023-10-25T10:03:39","date_gmt":"2023-10-25T08:03:39","guid":{"rendered":"https:\/\/softproof.com\/?page_id=1720"},"modified":"2025-05-31T00:26:43","modified_gmt":"2025-05-30T22:26:43","slug":"funktioner-for-kommentarer-och-godkannande","status":"publish","type":"page","link":"https:\/\/softproof.com\/sv\/comment-and-approval-functions\/","title":{"rendered":"Funktioner f\u00f6r kommentarer och godk\u00e4nnande"},"content":{"rendered":"<div class=\"gb-container gb-container-6e5dc8df\">\n<div class=\"gb-container gb-container-7d6c6351\">\n<div class=\"wp-block-image\">\n<figure class=\"alignright size-full\"><img fetchpriority=\"high\" decoding=\"async\" width=\"378\" height=\"148\" src=\"https:\/\/softproof.com\/wp-content\/uploads\/2023\/11\/SpectraProof_Job_Approval.png\" alt=\"Spectraproof Softproof L\u00f6sning: Visning av jobbstatus f\u00f6r Softproof\" class=\"wp-image-1813\" srcset=\"https:\/\/softproof.com\/wp-content\/uploads\/2023\/11\/SpectraProof_Job_Approval.png 378w, https:\/\/softproof.com\/wp-content\/uploads\/2023\/11\/SpectraProof_Job_Approval-300x117.png 300w, https:\/\/softproof.com\/wp-content\/uploads\/2023\/11\/SpectraProof_Job_Approval-18x7.png 18w\" sizes=\"(max-width: 378px) 100vw, 378px\" \/><\/figure>\n<\/div>\n\n\n<p>I SpectraProof kan alla jobb kommenteras av alla anv\u00e4ndare och genomg\u00e5 olika godk\u00e4nnandesteg. Fr\u00e5n att \u00f6ppna och bearbeta en ny PDF- eller TIFF-fil fr\u00e5n en kund kan alla steg som att tilldela spotf\u00e4rger, m\u00e4ta nya spotf\u00e4rger och substrat etc. dokumenteras genom att l\u00e4gga till kommentarer och olika godk\u00e4nnandesteg. F\u00f6r alla anv\u00e4ndare \u00e4r dessa kommentarer tids- och anv\u00e4ndarst\u00e4mplade f\u00f6r att b\u00e4ttre f\u00f6rst\u00e5 godk\u00e4nnandeprocessen. Jobbets godk\u00e4nnandestatus kan g\u00e5 fr\u00e5n ny till slutgiltigt godk\u00e4nd n\u00e4r filen \u00e4r klar f\u00f6r utskrift.<\/p>\n\n\n\n<figure class=\"wp-block-image size-large is-resized\"><a href=\"https:\/\/softproof.com\/wp-content\/uploads\/2025\/05\/comments.png\"><img decoding=\"async\" width=\"1024\" height=\"576\" src=\"https:\/\/softproof.com\/wp-content\/uploads\/2025\/05\/comments-1024x576.png\" alt=\"Anv\u00e4nd den avancerade kommentarsfunktionen i Spectraproof f\u00f6r att l\u00e4gga till kommentarer f\u00f6r andra Prepress-arbeten och f\u00f6r att utbyta information l\u00e4ngs processkedjan inom f\u00f6retaget.\" class=\"wp-image-3370\" style=\"width:1160px;height:auto\" srcset=\"https:\/\/softproof.com\/wp-content\/uploads\/2025\/05\/comments-1024x576.png 1024w, https:\/\/softproof.com\/wp-content\/uploads\/2025\/05\/comments-300x169.png 300w, https:\/\/softproof.com\/wp-content\/uploads\/2025\/05\/comments-768x432.png 768w, https:\/\/softproof.com\/wp-content\/uploads\/2025\/05\/comments-1536x864.png 1536w, https:\/\/softproof.com\/wp-content\/uploads\/2025\/05\/comments-2048x1152.png 2048w, https:\/\/softproof.com\/wp-content\/uploads\/2025\/05\/comments-18x10.png 18w, https:\/\/softproof.com\/wp-content\/uploads\/2025\/05\/comments-600x338.png 600w\" sizes=\"(max-width: 1024px) 100vw, 1024px\" \/><\/a><figcaption class=\"wp-element-caption\">Anv\u00e4nd den avancerade kommentarsfunktionen i Spectraproof f\u00f6r att l\u00e4gga till kommentarer f\u00f6r andra Prepress-arbeten och f\u00f6r att utbyta information l\u00e4ngs processkedjan inom f\u00f6retaget.<\/figcaption><\/figure>\n\n<\/div>\n<\/div>\n\n\n<figure class=\"wp-block-image size-full is-resized\"><img decoding=\"async\" width=\"1399\" height=\"720\" src=\"https:\/\/softproof.com\/wp-content\/uploads\/2023\/10\/SpectraProof_Comment_Function_with_timestamp.png\" alt=\"Spectraproof Softproof L\u00f6sning: Bildsk\u00e4rm f\u00f6r kommentarer om Softproof\" class=\"wp-image-1758\" style=\"aspect-ratio:1.9430740037950665;width:1160px;height:auto\" srcset=\"https:\/\/softproof.com\/wp-content\/uploads\/2023\/10\/SpectraProof_Comment_Function_with_timestamp.png 1399w, https:\/\/softproof.com\/wp-content\/uploads\/2023\/10\/SpectraProof_Comment_Function_with_timestamp-300x154.png 300w, https:\/\/softproof.com\/wp-content\/uploads\/2023\/10\/SpectraProof_Comment_Function_with_timestamp-600x309.png 600w, https:\/\/softproof.com\/wp-content\/uploads\/2023\/10\/SpectraProof_Comment_Function_with_timestamp-1024x527.png 1024w, https:\/\/softproof.com\/wp-content\/uploads\/2023\/10\/SpectraProof_Comment_Function_with_timestamp-768x395.png 768w, https:\/\/softproof.com\/wp-content\/uploads\/2023\/10\/SpectraProof_Comment_Function_with_timestamp-18x9.png 18w\" sizes=\"(max-width: 1399px) 100vw, 1399px\" \/><\/figure>","protected":false},"excerpt":{"rendered":"<p>I SpectraProof kan alla jobb kommenteras av alla anv\u00e4ndare och genomg\u00e5 olika godk\u00e4nnandesteg. Fr\u00e5n att \u00f6ppna och bearbeta en ny PDF- eller TIFF-fil fr\u00e5n en kund, kan alla steg som att tilldela spotf\u00e4rger, m\u00e4ta nya spotf\u00e4rger och substrat etc. dokumenteras genom att l\u00e4gga till kommentarer och olika godk\u00e4nnandesteg. F\u00f6r alla anv\u00e4ndare, ... <a title=\"Funktioner f\u00f6r kommentarer och godk\u00e4nnande\" class=\"read-more\" href=\"https:\/\/softproof.com\/sv\/comment-and-approval-functions\/\" aria-label=\"L\u00e4s mer om Kommentar- och godk\u00e4nnandefunktioner\">L\u00e4s mer<\/a><\/p>","protected":false},"author":1,"featured_media":0,"parent":0,"menu_order":0,"comment_status":"closed","ping_status":"closed","template":"","meta":{"CBBTypography":[],"footnotes":""},"class_list":["post-1720","page","type-page","status-publish"],"yoast_head":"<!-- This site is optimized with the Yoast SEO plugin v27.5 - https:\/\/yoast.com\/product\/yoast-seo-wordpress\/ -->\n<title>Comment and approval functions - Softproof.com<\/title>\n<meta name=\"description\" content=\"In SpectraProof, any Job can be commented by any user for and undergo different approval stages.\" \/>\n<meta name=\"robots\" content=\"index, follow, max-snippet:-1, max-image-preview:large, max-video-preview:-1\" \/>\n<link rel=\"canonical\" href=\"https:\/\/softproof.com\/sv\/funktioner-for-kommentarer-och-godkannande\/\" \/>\n<meta property=\"og:locale\" content=\"sv_SE\" \/>\n<meta property=\"og:type\" content=\"article\" \/>\n<meta property=\"og:title\" content=\"Comment and approval functions - Softproof.com\" \/>\n<meta property=\"og:description\" content=\"In SpectraProof, any Job can be commented by any user for and undergo different approval stages.\" \/>\n<meta property=\"og:url\" content=\"https:\/\/softproof.com\/sv\/funktioner-for-kommentarer-och-godkannande\/\" \/>\n<meta property=\"og:site_name\" content=\"Softproof.com\" \/>\n<meta property=\"article:modified_time\" content=\"2025-05-30T22:26:43+00:00\" \/>\n<meta property=\"og:image\" content=\"https:\/\/softproof.com\/wp-content\/uploads\/2023\/11\/SpectraProof_Job_Approval.png\" \/>\n\t<meta property=\"og:image:width\" content=\"378\" \/>\n\t<meta property=\"og:image:height\" content=\"148\" \/>\n\t<meta property=\"og:image:type\" content=\"image\/png\" \/>\n<meta name=\"twitter:card\" content=\"summary_large_image\" \/>\n<meta name=\"twitter:label1\" content=\"Ber\u00e4knad l\u00e4stid\" \/>\n\t<meta name=\"twitter:data1\" content=\"2 minuter\" \/>\n<script type=\"application\/ld+json\" class=\"yoast-schema-graph\">{\"@context\":\"https:\\\/\\\/schema.org\",\"@graph\":[{\"@type\":\"WebPage\",\"@id\":\"https:\\\/\\\/softproof.com\\\/comment-and-approval-functions\\\/\",\"url\":\"https:\\\/\\\/softproof.com\\\/comment-and-approval-functions\\\/\",\"name\":\"Comment and approval functions - Softproof.com\",\"isPartOf\":{\"@id\":\"https:\\\/\\\/softproof.com\\\/#website\"},\"primaryImageOfPage\":{\"@id\":\"https:\\\/\\\/softproof.com\\\/comment-and-approval-functions\\\/#primaryimage\"},\"image\":{\"@id\":\"https:\\\/\\\/softproof.com\\\/comment-and-approval-functions\\\/#primaryimage\"},\"thumbnailUrl\":\"https:\\\/\\\/softproof.com\\\/wp-content\\\/uploads\\\/2023\\\/11\\\/SpectraProof_Job_Approval.png\",\"datePublished\":\"2023-10-25T08:03:39+00:00\",\"dateModified\":\"2025-05-30T22:26:43+00:00\",\"description\":\"In SpectraProof, any Job can be commented by any user for and undergo different approval stages.\",\"breadcrumb\":{\"@id\":\"https:\\\/\\\/softproof.com\\\/comment-and-approval-functions\\\/#breadcrumb\"},\"inLanguage\":\"sv-SE\",\"potentialAction\":[{\"@type\":\"ReadAction\",\"target\":[\"https:\\\/\\\/softproof.com\\\/comment-and-approval-functions\\\/\"]}]},{\"@type\":\"ImageObject\",\"inLanguage\":\"sv-SE\",\"@id\":\"https:\\\/\\\/softproof.com\\\/comment-and-approval-functions\\\/#primaryimage\",\"url\":\"https:\\\/\\\/softproof.com\\\/wp-content\\\/uploads\\\/2023\\\/11\\\/SpectraProof_Job_Approval.png\",\"contentUrl\":\"https:\\\/\\\/softproof.com\\\/wp-content\\\/uploads\\\/2023\\\/11\\\/SpectraProof_Job_Approval.png\"},{\"@type\":\"BreadcrumbList\",\"@id\":\"https:\\\/\\\/softproof.com\\\/comment-and-approval-functions\\\/#breadcrumb\",\"itemListElement\":[{\"@type\":\"ListItem\",\"position\":1,\"name\":\"Home\",\"item\":\"https:\\\/\\\/softproof.com\\\/\"},{\"@type\":\"ListItem\",\"position\":2,\"name\":\"Comment and approval functions\"}]},{\"@type\":\"WebSite\",\"@id\":\"https:\\\/\\\/softproof.com\\\/#website\",\"url\":\"https:\\\/\\\/softproof.com\\\/\",\"name\":\"Softproof.com\",\"description\":\"Softproofing made easy ...\",\"publisher\":{\"@id\":\"https:\\\/\\\/softproof.com\\\/#organization\"},\"potentialAction\":[{\"@type\":\"SearchAction\",\"target\":{\"@type\":\"EntryPoint\",\"urlTemplate\":\"https:\\\/\\\/softproof.com\\\/?s={search_term_string}\"},\"query-input\":{\"@type\":\"PropertyValueSpecification\",\"valueRequired\":true,\"valueName\":\"search_term_string\"}}],\"inLanguage\":\"sv-SE\"},{\"@type\":\"Organization\",\"@id\":\"https:\\\/\\\/softproof.com\\\/#organization\",\"name\":\"Proof GmbH\",\"url\":\"https:\\\/\\\/softproof.com\\\/\",\"logo\":{\"@type\":\"ImageObject\",\"inLanguage\":\"sv-SE\",\"@id\":\"https:\\\/\\\/softproof.com\\\/#\\\/schema\\\/logo\\\/image\\\/\",\"url\":\"https:\\\/\\\/softproof.com\\\/wp-content\\\/uploads\\\/2023\\\/11\\\/spicon.png\",\"contentUrl\":\"https:\\\/\\\/softproof.com\\\/wp-content\\\/uploads\\\/2023\\\/11\\\/spicon.png\",\"width\":250,\"height\":250,\"caption\":\"Proof GmbH\"},\"image\":{\"@id\":\"https:\\\/\\\/softproof.com\\\/#\\\/schema\\\/logo\\\/image\\\/\"}}]}<\/script>\n<!-- \/ Yoast SEO plugin. -->","yoast_head_json":{"title":"Funktioner f\u00f6r kommentarer och godk\u00e4nnande - Softproof.com","description":"I SpectraProof kan alla jobb kommenteras av alla anv\u00e4ndare och genomg\u00e5 olika godk\u00e4nnandesteg.","robots":{"index":"index","follow":"follow","max-snippet":"max-snippet:-1","max-image-preview":"max-image-preview:large","max-video-preview":"max-video-preview:-1"},"canonical":"https:\/\/softproof.com\/sv\/funktioner-for-kommentarer-och-godkannande\/","og_locale":"sv_SE","og_type":"article","og_title":"Comment and approval functions - Softproof.com","og_description":"In SpectraProof, any Job can be commented by any user for and undergo different approval stages.","og_url":"https:\/\/softproof.com\/sv\/funktioner-for-kommentarer-och-godkannande\/","og_site_name":"Softproof.com","article_modified_time":"2025-05-30T22:26:43+00:00","og_image":[{"width":378,"height":148,"url":"https:\/\/softproof.com\/wp-content\/uploads\/2023\/11\/SpectraProof_Job_Approval.png","type":"image\/png"}],"twitter_card":"summary_large_image","twitter_misc":{"Ber\u00e4knad l\u00e4stid":"2 minuter"},"schema":{"@context":"https:\/\/schema.org","@graph":[{"@type":"WebPage","@id":"https:\/\/softproof.com\/comment-and-approval-functions\/","url":"https:\/\/softproof.com\/comment-and-approval-functions\/","name":"Funktioner f\u00f6r kommentarer och godk\u00e4nnande - Softproof.com","isPartOf":{"@id":"https:\/\/softproof.com\/#website"},"primaryImageOfPage":{"@id":"https:\/\/softproof.com\/comment-and-approval-functions\/#primaryimage"},"image":{"@id":"https:\/\/softproof.com\/comment-and-approval-functions\/#primaryimage"},"thumbnailUrl":"https:\/\/softproof.com\/wp-content\/uploads\/2023\/11\/SpectraProof_Job_Approval.png","datePublished":"2023-10-25T08:03:39+00:00","dateModified":"2025-05-30T22:26:43+00:00","description":"I SpectraProof kan alla jobb kommenteras av alla anv\u00e4ndare och genomg\u00e5 olika godk\u00e4nnandesteg.","breadcrumb":{"@id":"https:\/\/softproof.com\/comment-and-approval-functions\/#breadcrumb"},"inLanguage":"sv-SE","potentialAction":[{"@type":"ReadAction","target":["https:\/\/softproof.com\/comment-and-approval-functions\/"]}]},{"@type":"ImageObject","inLanguage":"sv-SE","@id":"https:\/\/softproof.com\/comment-and-approval-functions\/#primaryimage","url":"https:\/\/softproof.com\/wp-content\/uploads\/2023\/11\/SpectraProof_Job_Approval.png","contentUrl":"https:\/\/softproof.com\/wp-content\/uploads\/2023\/11\/SpectraProof_Job_Approval.png"},{"@type":"BreadcrumbList","@id":"https:\/\/softproof.com\/comment-and-approval-functions\/#breadcrumb","itemListElement":[{"@type":"ListItem","position":1,"name":"Home","item":"https:\/\/softproof.com\/"},{"@type":"ListItem","position":2,"name":"Comment and approval functions"}]},{"@type":"WebSite","@id":"https:\/\/softproof.com\/#website","url":"https:\/\/softproof.com\/","name":"Softproof.com","description":"Softproofing gjort enkelt ...","publisher":{"@id":"https:\/\/softproof.com\/#organization"},"potentialAction":[{"@type":"SearchAction","target":{"@type":"EntryPoint","urlTemplate":"https:\/\/softproof.com\/?s={search_term_string}"},"query-input":{"@type":"PropertyValueSpecification","valueRequired":true,"valueName":"search_term_string"}}],"inLanguage":"sv-SE"},{"@type":"Organization","@id":"https:\/\/softproof.com\/#organization","name":"Proof GmbH","url":"https:\/\/softproof.com\/","logo":{"@type":"ImageObject","inLanguage":"sv-SE","@id":"https:\/\/softproof.com\/#\/schema\/logo\/image\/","url":"https:\/\/softproof.com\/wp-content\/uploads\/2023\/11\/spicon.png","contentUrl":"https:\/\/softproof.com\/wp-content\/uploads\/2023\/11\/spicon.png","width":250,"height":250,"caption":"Proof GmbH"},"image":{"@id":"https:\/\/softproof.com\/#\/schema\/logo\/image\/"}}]}},"_links":{"self":[{"href":"https:\/\/softproof.com\/sv\/wp-json\/wp\/v2\/pages\/1720","targetHints":{"allow":["GET"]}}],"collection":[{"href":"https:\/\/softproof.com\/sv\/wp-json\/wp\/v2\/pages"}],"about":[{"href":"https:\/\/softproof.com\/sv\/wp-json\/wp\/v2\/types\/page"}],"author":[{"embeddable":true,"href":"https:\/\/softproof.com\/sv\/wp-json\/wp\/v2\/users\/1"}],"replies":[{"embeddable":true,"href":"https:\/\/softproof.com\/sv\/wp-json\/wp\/v2\/comments?post=1720"}],"version-history":[{"count":7,"href":"https:\/\/softproof.com\/sv\/wp-json\/wp\/v2\/pages\/1720\/revisions"}],"predecessor-version":[{"id":3383,"href":"https:\/\/softproof.com\/sv\/wp-json\/wp\/v2\/pages\/1720\/revisions\/3383"}],"wp:attachment":[{"href":"https:\/\/softproof.com\/sv\/wp-json\/wp\/v2\/media?parent=1720"}],"curies":[{"name":"wp","href":"https:\/\/api.w.org\/{rel}","templated":true}]}}