{"id":1714,"date":"2023-10-25T10:03:16","date_gmt":"2023-10-25T08:03:16","guid":{"rendered":"https:\/\/softproof.com\/?page_id=1714"},"modified":"2024-02-27T09:37:06","modified_gmt":"2024-02-27T08:37:06","slug":"medicao-e-substituicao-de-cores","status":"publish","type":"page","link":"https:\/\/softproof.com\/pt\/measuring-and-replacement-of-colours\/","title":{"rendered":"Medi\u00e7\u00e3o e substitui\u00e7\u00e3o de cores"},"content":{"rendered":"<p>\u00c9 f\u00e1cil substituir as cores planas no Spectraproof por outras cores ou substitu\u00ed-las por uma cor rec\u00e9m-adicionada, que pode ser medida diretamente no SpectraProof. Depois de ligar um espectrofot\u00f3metro compat\u00edvel, pode criar facilmente novas medi\u00e7\u00f5es espectrais de cores planas, quer no formato CGATS quer no formato CxF4, diretamente no SpectraProof e integrar essas medi\u00e7\u00f5es na sua biblioteca de cores individual.<\/p>\n\n\n\n<figure class=\"wp-block-gallery has-nested-images columns-default is-cropped wp-block-gallery-1 is-layout-flex wp-block-gallery-is-layout-flex\">\n<figure class=\"wp-block-image size-large\"><a href=\"https:\/\/softproof.com\/wp-content\/uploads\/2023\/11\/SpectraProof_replacing_a_color.png\"><img fetchpriority=\"high\" decoding=\"async\" width=\"378\" height=\"517\" data-id=\"1864\" src=\"https:\/\/softproof.com\/wp-content\/uploads\/2023\/11\/SpectraProof_replacing_a_color.png\" alt=\"Solu\u00e7\u00e3o Spectraproof e Softproof: Substitui\u00e7\u00e3o de cores planas e de processo\" class=\"wp-image-1864\" srcset=\"https:\/\/softproof.com\/wp-content\/uploads\/2023\/11\/SpectraProof_replacing_a_color.png 378w, https:\/\/softproof.com\/wp-content\/uploads\/2023\/11\/SpectraProof_replacing_a_color-300x410.png 300w, https:\/\/softproof.com\/wp-content\/uploads\/2023\/11\/SpectraProof_replacing_a_color-219x300.png 219w, https:\/\/softproof.com\/wp-content\/uploads\/2023\/11\/SpectraProof_replacing_a_color-9x12.png 9w\" sizes=\"(max-width: 378px) 100vw, 378px\" \/><\/a><figcaption class=\"wp-element-caption\">Solu\u00e7\u00e3o Spectraproof e Softproof: Substitui\u00e7\u00e3o de cores planas e de processo<\/figcaption><\/figure>\n\n\n\n<figure class=\"wp-block-image size-large\"><a href=\"https:\/\/softproof.com\/wp-content\/uploads\/2023\/11\/SpectraProof_adding_a_new_color_2.png\"><img decoding=\"async\" width=\"355\" height=\"581\" data-id=\"1866\" src=\"https:\/\/softproof.com\/wp-content\/uploads\/2023\/11\/SpectraProof_adding_a_new_color_2.png\" alt=\"Solu\u00e7\u00e3o Spectraproof Softproof: Visualiza\u00e7\u00e3o das separa\u00e7\u00f5es de cor com op\u00e7\u00f5es de cores planas para adicionar e substituir cores planas no processo Softproof.\" class=\"wp-image-1866\" srcset=\"https:\/\/softproof.com\/wp-content\/uploads\/2023\/11\/SpectraProof_adding_a_new_color_2.png 355w, https:\/\/softproof.com\/wp-content\/uploads\/2023\/11\/SpectraProof_adding_a_new_color_2-300x491.png 300w, https:\/\/softproof.com\/wp-content\/uploads\/2023\/11\/SpectraProof_adding_a_new_color_2-183x300.png 183w, https:\/\/softproof.com\/wp-content\/uploads\/2023\/11\/SpectraProof_adding_a_new_color_2-7x12.png 7w\" sizes=\"(max-width: 355px) 100vw, 355px\" \/><\/a><\/figure>\n<\/figure>\n\n\n\n<figure class=\"wp-block-gallery has-nested-images columns-default is-cropped wp-block-gallery-2 is-layout-flex wp-block-gallery-is-layout-flex\">\n<figure class=\"wp-block-image size-large\"><img decoding=\"async\" width=\"651\" height=\"440\" data-id=\"1861\" src=\"https:\/\/softproof.com\/wp-content\/uploads\/2023\/11\/SpectraProof_measuring_a_new_spot_color.png\" alt=\"Solu\u00e7\u00e3o Spectraproof Softproof: Medi\u00e7\u00e3o e grava\u00e7\u00e3o de novas cores planas para Softproof diretamente no Spectraproof\" class=\"wp-image-1861\" srcset=\"https:\/\/softproof.com\/wp-content\/uploads\/2023\/11\/SpectraProof_measuring_a_new_spot_color.png 651w, https:\/\/softproof.com\/wp-content\/uploads\/2023\/11\/SpectraProof_measuring_a_new_spot_color-300x203.png 300w, https:\/\/softproof.com\/wp-content\/uploads\/2023\/11\/SpectraProof_measuring_a_new_spot_color-600x406.png 600w, https:\/\/softproof.com\/wp-content\/uploads\/2023\/11\/SpectraProof_measuring_a_new_spot_color-18x12.png 18w\" sizes=\"(max-width: 651px) 100vw, 651px\" \/><\/figure>\n\n\n\n<figure class=\"wp-block-image size-large\"><img loading=\"lazy\" decoding=\"async\" width=\"912\" height=\"560\" data-id=\"1858\" src=\"https:\/\/softproof.com\/wp-content\/uploads\/2023\/11\/SpectraProof_Saving_a_new_spot_color_measurement.png\" alt=\"Solu\u00e7\u00e3o Spectraproof e Softproof: Guardar cores planas e de processo como ficheiros CxF\" class=\"wp-image-1858\" srcset=\"https:\/\/softproof.com\/wp-content\/uploads\/2023\/11\/SpectraProof_Saving_a_new_spot_color_measurement.png 912w, https:\/\/softproof.com\/wp-content\/uploads\/2023\/11\/SpectraProof_Saving_a_new_spot_color_measurement-300x184.png 300w, https:\/\/softproof.com\/wp-content\/uploads\/2023\/11\/SpectraProof_Saving_a_new_spot_color_measurement-600x368.png 600w, https:\/\/softproof.com\/wp-content\/uploads\/2023\/11\/SpectraProof_Saving_a_new_spot_color_measurement-768x472.png 768w, https:\/\/softproof.com\/wp-content\/uploads\/2023\/11\/SpectraProof_Saving_a_new_spot_color_measurement-18x12.png 18w\" sizes=\"(max-width: 912px) 100vw, 912px\" \/><\/figure>\n<\/figure>","protected":false},"excerpt":{"rendered":"<p>It is easy to either replace spotcolors in Spectraproof with other colors, or replace them with a newly added color which you can measure directly in SpectraProof. Once having connected a compatible Spectrophotometer, you can easily create new spectral spot color measurement either in CGATS or CxF4 Format directly in SpectraProof and integrate these measurements &#8230; <a title=\"Medi\u00e7\u00e3o e substitui\u00e7\u00e3o de cores\" class=\"read-more\" href=\"https:\/\/softproof.com\/pt\/measuring-and-replacement-of-colours\/\" aria-label=\"Leia mais sobre Measuring and replacement of colours\">Ler mais<\/a><\/p>","protected":false},"author":1,"featured_media":0,"parent":0,"menu_order":0,"comment_status":"closed","ping_status":"closed","template":"","meta":{"CBBTypography":[],"footnotes":""},"class_list":["post-1714","page","type-page","status-publish"],"yoast_head":"<!-- This site is optimized with the Yoast SEO plugin v27.5 - https:\/\/yoast.com\/product\/yoast-seo-wordpress\/ -->\n<title>Measuring and replacement of colours - Softproof.com<\/title>\n<meta name=\"description\" content=\"It is easy to either replace spot colors in Spectraproof with other colors, or replace them with a newly added color which you can measure directly in SpectraProof\" \/>\n<meta name=\"robots\" content=\"index, follow, max-snippet:-1, max-image-preview:large, max-video-preview:-1\" \/>\n<link rel=\"canonical\" href=\"https:\/\/softproof.com\/pt\/medicao-e-substituicao-de-cores\/\" \/>\n<meta property=\"og:locale\" content=\"pt_PT\" \/>\n<meta property=\"og:type\" content=\"article\" \/>\n<meta property=\"og:title\" content=\"Measuring and replacement of colours - Softproof.com\" \/>\n<meta property=\"og:description\" content=\"It is easy to either replace spot colors in Spectraproof with other colors, or replace them with a newly added color which you can measure directly in SpectraProof\" \/>\n<meta property=\"og:url\" content=\"https:\/\/softproof.com\/pt\/medicao-e-substituicao-de-cores\/\" \/>\n<meta property=\"og:site_name\" content=\"Softproof.com\" \/>\n<meta property=\"article:modified_time\" content=\"2024-02-27T08:37:06+00:00\" \/>\n<meta property=\"og:image\" content=\"https:\/\/softproof.com\/wp-content\/uploads\/2023\/11\/SpectraProof_replacing_a_color.png\" \/>\n<meta name=\"twitter:card\" content=\"summary_large_image\" \/>\n<meta name=\"twitter:label1\" content=\"Tempo estimado de leitura\" \/>\n\t<meta name=\"twitter:data1\" content=\"2 minutos\" \/>\n<script type=\"application\/ld+json\" class=\"yoast-schema-graph\">{\"@context\":\"https:\\\/\\\/schema.org\",\"@graph\":[{\"@type\":\"WebPage\",\"@id\":\"https:\\\/\\\/softproof.com\\\/measuring-and-replacement-of-colours\\\/\",\"url\":\"https:\\\/\\\/softproof.com\\\/measuring-and-replacement-of-colours\\\/\",\"name\":\"Measuring and replacement of colours - Softproof.com\",\"isPartOf\":{\"@id\":\"https:\\\/\\\/softproof.com\\\/#website\"},\"primaryImageOfPage\":{\"@id\":\"https:\\\/\\\/softproof.com\\\/measuring-and-replacement-of-colours\\\/#primaryimage\"},\"image\":{\"@id\":\"https:\\\/\\\/softproof.com\\\/measuring-and-replacement-of-colours\\\/#primaryimage\"},\"thumbnailUrl\":\"https:\\\/\\\/softproof.com\\\/wp-content\\\/uploads\\\/2023\\\/11\\\/SpectraProof_replacing_a_color.png\",\"datePublished\":\"2023-10-25T08:03:16+00:00\",\"dateModified\":\"2024-02-27T08:37:06+00:00\",\"description\":\"It is easy to either replace spot colors in Spectraproof with other colors, or replace them with a newly added color which you can measure directly in SpectraProof\",\"breadcrumb\":{\"@id\":\"https:\\\/\\\/softproof.com\\\/measuring-and-replacement-of-colours\\\/#breadcrumb\"},\"inLanguage\":\"pt-PT\",\"potentialAction\":[{\"@type\":\"ReadAction\",\"target\":[\"https:\\\/\\\/softproof.com\\\/measuring-and-replacement-of-colours\\\/\"]}]},{\"@type\":\"ImageObject\",\"inLanguage\":\"pt-PT\",\"@id\":\"https:\\\/\\\/softproof.com\\\/measuring-and-replacement-of-colours\\\/#primaryimage\",\"url\":\"https:\\\/\\\/softproof.com\\\/wp-content\\\/uploads\\\/2023\\\/11\\\/SpectraProof_replacing_a_color.png\",\"contentUrl\":\"https:\\\/\\\/softproof.com\\\/wp-content\\\/uploads\\\/2023\\\/11\\\/SpectraProof_replacing_a_color.png\"},{\"@type\":\"BreadcrumbList\",\"@id\":\"https:\\\/\\\/softproof.com\\\/measuring-and-replacement-of-colours\\\/#breadcrumb\",\"itemListElement\":[{\"@type\":\"ListItem\",\"position\":1,\"name\":\"Home\",\"item\":\"https:\\\/\\\/softproof.com\\\/\"},{\"@type\":\"ListItem\",\"position\":2,\"name\":\"Measuring and replacement of colours\"}]},{\"@type\":\"WebSite\",\"@id\":\"https:\\\/\\\/softproof.com\\\/#website\",\"url\":\"https:\\\/\\\/softproof.com\\\/\",\"name\":\"Softproof.com\",\"description\":\"Softproofing made easy ...\",\"publisher\":{\"@id\":\"https:\\\/\\\/softproof.com\\\/#organization\"},\"potentialAction\":[{\"@type\":\"SearchAction\",\"target\":{\"@type\":\"EntryPoint\",\"urlTemplate\":\"https:\\\/\\\/softproof.com\\\/?s={search_term_string}\"},\"query-input\":{\"@type\":\"PropertyValueSpecification\",\"valueRequired\":true,\"valueName\":\"search_term_string\"}}],\"inLanguage\":\"pt-PT\"},{\"@type\":\"Organization\",\"@id\":\"https:\\\/\\\/softproof.com\\\/#organization\",\"name\":\"Proof GmbH\",\"url\":\"https:\\\/\\\/softproof.com\\\/\",\"logo\":{\"@type\":\"ImageObject\",\"inLanguage\":\"pt-PT\",\"@id\":\"https:\\\/\\\/softproof.com\\\/#\\\/schema\\\/logo\\\/image\\\/\",\"url\":\"https:\\\/\\\/softproof.com\\\/wp-content\\\/uploads\\\/2023\\\/11\\\/spicon.png\",\"contentUrl\":\"https:\\\/\\\/softproof.com\\\/wp-content\\\/uploads\\\/2023\\\/11\\\/spicon.png\",\"width\":250,\"height\":250,\"caption\":\"Proof GmbH\"},\"image\":{\"@id\":\"https:\\\/\\\/softproof.com\\\/#\\\/schema\\\/logo\\\/image\\\/\"}}]}<\/script>\n<!-- \/ Yoast SEO plugin. -->","yoast_head_json":{"title":"Medi\u00e7\u00e3o e substitui\u00e7\u00e3o de cores - Softproof.com","description":"\u00c9 f\u00e1cil substituir as cores planas no Spectraproof por outras cores, ou substitu\u00ed-las por uma cor rec\u00e9m-adicionada que pode ser medida diretamente no SpectraProof","robots":{"index":"index","follow":"follow","max-snippet":"max-snippet:-1","max-image-preview":"max-image-preview:large","max-video-preview":"max-video-preview:-1"},"canonical":"https:\/\/softproof.com\/pt\/medicao-e-substituicao-de-cores\/","og_locale":"pt_PT","og_type":"article","og_title":"Measuring and replacement of colours - Softproof.com","og_description":"It is easy to either replace spot colors in Spectraproof with other colors, or replace them with a newly added color which you can measure directly in SpectraProof","og_url":"https:\/\/softproof.com\/pt\/medicao-e-substituicao-de-cores\/","og_site_name":"Softproof.com","article_modified_time":"2024-02-27T08:37:06+00:00","og_image":[{"url":"https:\/\/softproof.com\/wp-content\/uploads\/2023\/11\/SpectraProof_replacing_a_color.png","type":"","width":"","height":""}],"twitter_card":"summary_large_image","twitter_misc":{"Tempo estimado de leitura":"2 minutos"},"schema":{"@context":"https:\/\/schema.org","@graph":[{"@type":"WebPage","@id":"https:\/\/softproof.com\/measuring-and-replacement-of-colours\/","url":"https:\/\/softproof.com\/measuring-and-replacement-of-colours\/","name":"Medi\u00e7\u00e3o e substitui\u00e7\u00e3o de cores - Softproof.com","isPartOf":{"@id":"https:\/\/softproof.com\/#website"},"primaryImageOfPage":{"@id":"https:\/\/softproof.com\/measuring-and-replacement-of-colours\/#primaryimage"},"image":{"@id":"https:\/\/softproof.com\/measuring-and-replacement-of-colours\/#primaryimage"},"thumbnailUrl":"https:\/\/softproof.com\/wp-content\/uploads\/2023\/11\/SpectraProof_replacing_a_color.png","datePublished":"2023-10-25T08:03:16+00:00","dateModified":"2024-02-27T08:37:06+00:00","description":"\u00c9 f\u00e1cil substituir as cores planas no Spectraproof por outras cores, ou substitu\u00ed-las por uma cor rec\u00e9m-adicionada que pode ser medida diretamente no SpectraProof","breadcrumb":{"@id":"https:\/\/softproof.com\/measuring-and-replacement-of-colours\/#breadcrumb"},"inLanguage":"pt-PT","potentialAction":[{"@type":"ReadAction","target":["https:\/\/softproof.com\/measuring-and-replacement-of-colours\/"]}]},{"@type":"ImageObject","inLanguage":"pt-PT","@id":"https:\/\/softproof.com\/measuring-and-replacement-of-colours\/#primaryimage","url":"https:\/\/softproof.com\/wp-content\/uploads\/2023\/11\/SpectraProof_replacing_a_color.png","contentUrl":"https:\/\/softproof.com\/wp-content\/uploads\/2023\/11\/SpectraProof_replacing_a_color.png"},{"@type":"BreadcrumbList","@id":"https:\/\/softproof.com\/measuring-and-replacement-of-colours\/#breadcrumb","itemListElement":[{"@type":"ListItem","position":1,"name":"Home","item":"https:\/\/softproof.com\/"},{"@type":"ListItem","position":2,"name":"Measuring and replacement of colours"}]},{"@type":"WebSite","@id":"https:\/\/softproof.com\/#website","url":"https:\/\/softproof.com\/","name":"Softproof.com","description":"Softprooftornar f\u00e1cil...","publisher":{"@id":"https:\/\/softproof.com\/#organization"},"potentialAction":[{"@type":"SearchAction","target":{"@type":"EntryPoint","urlTemplate":"https:\/\/softproof.com\/?s={search_term_string}"},"query-input":{"@type":"PropertyValueSpecification","valueRequired":true,"valueName":"search_term_string"}}],"inLanguage":"pt-PT"},{"@type":"Organization","@id":"https:\/\/softproof.com\/#organization","name":"Proof GmbH","url":"https:\/\/softproof.com\/","logo":{"@type":"ImageObject","inLanguage":"pt-PT","@id":"https:\/\/softproof.com\/#\/schema\/logo\/image\/","url":"https:\/\/softproof.com\/wp-content\/uploads\/2023\/11\/spicon.png","contentUrl":"https:\/\/softproof.com\/wp-content\/uploads\/2023\/11\/spicon.png","width":250,"height":250,"caption":"Proof GmbH"},"image":{"@id":"https:\/\/softproof.com\/#\/schema\/logo\/image\/"}}]}},"_links":{"self":[{"href":"https:\/\/softproof.com\/pt\/wp-json\/wp\/v2\/pages\/1714","targetHints":{"allow":["GET"]}}],"collection":[{"href":"https:\/\/softproof.com\/pt\/wp-json\/wp\/v2\/pages"}],"about":[{"href":"https:\/\/softproof.com\/pt\/wp-json\/wp\/v2\/types\/page"}],"author":[{"embeddable":true,"href":"https:\/\/softproof.com\/pt\/wp-json\/wp\/v2\/users\/1"}],"replies":[{"embeddable":true,"href":"https:\/\/softproof.com\/pt\/wp-json\/wp\/v2\/comments?post=1714"}],"version-history":[{"count":10,"href":"https:\/\/softproof.com\/pt\/wp-json\/wp\/v2\/pages\/1714\/revisions"}],"predecessor-version":[{"id":2266,"href":"https:\/\/softproof.com\/pt\/wp-json\/wp\/v2\/pages\/1714\/revisions\/2266"}],"wp:attachment":[{"href":"https:\/\/softproof.com\/pt\/wp-json\/wp\/v2\/media?parent=1714"}],"curies":[{"name":"wp","href":"https:\/\/api.w.org\/{rel}","templated":true}]}}