{"id":1710,"date":"2023-10-25T10:02:59","date_gmt":"2023-10-25T08:02:59","guid":{"rendered":"https:\/\/softproof.com\/?page_id=1710"},"modified":"2025-05-31T00:28:40","modified_gmt":"2025-05-30T22:28:40","slug":"calibracao-do-monitor","status":"publish","type":"page","link":"https:\/\/softproof.com\/pt\/monitor-calibration\/","title":{"rendered":"Calibra\u00e7\u00e3o do monitor"},"content":{"rendered":"<div class=\"wp-block-image\">\n<figure class=\"alignright size-full\"><img fetchpriority=\"high\" decoding=\"async\" width=\"431\" height=\"275\" src=\"https:\/\/softproof.com\/wp-content\/uploads\/2025\/05\/monitor-validation.png\" alt=\"Com monitores profissionais de gama ampla, calibr\u00e1veis por hardware, como os da Eizo, Benq e Viewsonic, \u00e9 poss\u00edvel alcan\u00e7ar uma precis\u00e3o Softproof excecional no Spectraproof atrav\u00e9s da valida\u00e7\u00e3o integrada do monitor.\" class=\"wp-image-3365\" srcset=\"https:\/\/softproof.com\/wp-content\/uploads\/2025\/05\/monitor-validation.png 431w, https:\/\/softproof.com\/wp-content\/uploads\/2025\/05\/monitor-validation-300x191.png 300w, https:\/\/softproof.com\/wp-content\/uploads\/2025\/05\/monitor-validation-18x12.png 18w\" sizes=\"(max-width: 431px) 100vw, 431px\" \/><figcaption class=\"wp-element-caption\">Com monitores profissionais de gama ampla, calibr\u00e1veis por hardware, como os da Eizo, Benq e Viewsonic, \u00e9 poss\u00edvel alcan\u00e7ar uma precis\u00e3o Softproof excecional no Spectraproof atrav\u00e9s da valida\u00e7\u00e3o integrada do monitor.<\/figcaption><\/figure>\n<\/div>\n\n<div class=\"gb-container gb-container-848275bb\">\n<div class=\"wp-block-image\">\n<figure class=\"alignright size-large is-resized\"><img decoding=\"async\" width=\"1024\" height=\"683\" src=\"https:\/\/softproof.com\/wp-content\/uploads\/2023\/10\/softproof_com_color_measurement_on_a_hardware_calibratable_monitor-1024x683.jpg\" alt=\"Monitor de fot\u00f3grafo profissional com pala e calibrador isolado em fundo branco com path de recorte\" class=\"wp-image-1525\" style=\"width:700px;height:auto\" srcset=\"https:\/\/softproof.com\/wp-content\/uploads\/2023\/10\/softproof_com_color_measurement_on_a_hardware_calibratable_monitor-1024x683.jpg 1024w, https:\/\/softproof.com\/wp-content\/uploads\/2023\/10\/softproof_com_color_measurement_on_a_hardware_calibratable_monitor-300x200.jpg 300w, https:\/\/softproof.com\/wp-content\/uploads\/2023\/10\/softproof_com_color_measurement_on_a_hardware_calibratable_monitor-scaled-600x400.jpg 600w, https:\/\/softproof.com\/wp-content\/uploads\/2023\/10\/softproof_com_color_measurement_on_a_hardware_calibratable_monitor-768x512.jpg 768w, https:\/\/softproof.com\/wp-content\/uploads\/2023\/10\/softproof_com_color_measurement_on_a_hardware_calibratable_monitor-1536x1024.jpg 1536w, https:\/\/softproof.com\/wp-content\/uploads\/2023\/10\/softproof_com_color_measurement_on_a_hardware_calibratable_monitor-2048x1365.jpg 2048w, https:\/\/softproof.com\/wp-content\/uploads\/2023\/10\/softproof_com_color_measurement_on_a_hardware_calibratable_monitor-18x12.jpg 18w\" sizes=\"(max-width: 1024px) 100vw, 1024px\" \/><figcaption class=\"wp-element-caption\">Monitor de fot\u00f3grafo profissional com pala e calibrador isolado em fundo branco com path de recorte<\/figcaption><\/figure>\n<\/div>\n\n\n<p>Os utilizadores do SpectraProof com monitores calibr\u00e1veis por hardware, como os da Eizo, Viewsonic ou BenQ, costumam efetuar a calibra\u00e7\u00e3o utilizando o software de calibra\u00e7\u00e3o fornecido. No entanto, h\u00e1 sempre situa\u00e7\u00f5es em que esse software n\u00e3o pode ser utilizado. \u00c9 o caso, por exemplo, quando se utiliza um monitor NEC ou LG de grande formato instalado numa m\u00e1quina de impress\u00e3o. Os utilizadores da Apple preferem utilizar o seu ecr\u00e3 Apple, que n\u00e3o disp\u00f5e do componente de calibra\u00e7\u00e3o de hardware. Esses ecr\u00e3s podem ser controlados no SpectraProof atrav\u00e9s da rotina de calibra\u00e7\u00e3o. O brilho de cada canal de cor pode ser ajustado utilizando um sistema de sem\u00e1foros. O ganho de cada um dos tr\u00eas componentes RGB tamb\u00e9m pode ser ajustado. Isto permite que a localiza\u00e7\u00e3o de cor desejada seja representada ou alcan\u00e7ada da melhor forma poss\u00edvel, exclusivamente a partir do hardware.<\/p>\n\n\n\n<p>O assistente de calibra\u00e7\u00e3o de monitor integrado no SpectraProof indica ao utilizador onde efetuar altera\u00e7\u00f5es no monitor e em que medida deve ajustar o brilho ou a cor, seja para aumentar ou diminuir. O resultado \u00e9 uma prova digital t\u00e3o precisa quanto poss\u00edvel em rela\u00e7\u00e3o \u00e0 localiza\u00e7\u00e3o da cor pretendida. Se todos os indicadores no SpectraProof estiverem verdes, o software continuar\u00e1 a funcionar e criar\u00e1 um perfil ICC do monitor. Isto \u00e9 ideal para utilizadores que n\u00e3o disp\u00f5em de um monitor com capacidade de calibra\u00e7\u00e3o por hardware.<\/p>\n\n<\/div>\n\n\n<p>Se possuir um dos modelos de topo da S\u00e9rie CG da EIZO, poder\u00e1 utilizar o EIZO Calibration Cloud gratuitamente. Poder\u00e1 gerir, configurar e ativar a calibra\u00e7\u00e3o dos seus m\u00faltiplos monitores existentes remotamente atrav\u00e9s de uma interface de navegador web.<\/p>","protected":false},"excerpt":{"rendered":"<p>SpectraProof users with hardware-calibratable monitors such as Eizo, Viewsonic or BenQ typically calibrate using the supplied calibration software. However, there are always applications where this software cannot be used. This is the case, for example, when a large-format NEC monitor or LG monitor is used that is installed in a printing machine. Apple users like &#8230; <a title=\"Calibra\u00e7\u00e3o do monitor\" class=\"read-more\" href=\"https:\/\/softproof.com\/pt\/monitor-calibration\/\" aria-label=\"Leia mais sobre Monitor calibration\">Ler mais<\/a><\/p>","protected":false},"author":1,"featured_media":0,"parent":0,"menu_order":0,"comment_status":"closed","ping_status":"closed","template":"","meta":{"CBBTypography":[],"footnotes":""},"class_list":["post-1710","page","type-page","status-publish"],"yoast_head":"<!-- This site is optimized with the Yoast SEO plugin v27.5 - https:\/\/yoast.com\/product\/yoast-seo-wordpress\/ -->\n<title>Monitor calibration - Softproof.com<\/title>\n<meta name=\"description\" content=\"SpectraProof users with hardware-calibratable monitors such as Eizo, Viewsonic or BenQ typically calibrate using the supplied calibration software.\" \/>\n<meta name=\"robots\" content=\"index, follow, max-snippet:-1, max-image-preview:large, max-video-preview:-1\" \/>\n<link rel=\"canonical\" href=\"https:\/\/softproof.com\/pt\/calibracao-do-monitor\/\" \/>\n<meta property=\"og:locale\" content=\"pt_PT\" \/>\n<meta property=\"og:type\" content=\"article\" \/>\n<meta property=\"og:title\" content=\"Monitor calibration - Softproof.com\" \/>\n<meta property=\"og:description\" content=\"SpectraProof users with hardware-calibratable monitors such as Eizo, Viewsonic or BenQ typically calibrate using the supplied calibration software.\" \/>\n<meta property=\"og:url\" content=\"https:\/\/softproof.com\/pt\/calibracao-do-monitor\/\" \/>\n<meta property=\"og:site_name\" content=\"Softproof.com\" \/>\n<meta property=\"article:modified_time\" content=\"2025-05-30T22:28:40+00:00\" \/>\n<meta property=\"og:image\" content=\"https:\/\/softproof.com\/wp-content\/uploads\/2025\/05\/monitor-validation.png\" \/>\n\t<meta property=\"og:image:width\" content=\"431\" \/>\n\t<meta property=\"og:image:height\" content=\"275\" \/>\n\t<meta property=\"og:image:type\" content=\"image\/png\" \/>\n<meta name=\"twitter:card\" content=\"summary_large_image\" \/>\n<meta name=\"twitter:label1\" content=\"Tempo estimado de leitura\" \/>\n\t<meta name=\"twitter:data1\" content=\"2 minutos\" \/>\n<script type=\"application\/ld+json\" class=\"yoast-schema-graph\">{\"@context\":\"https:\\\/\\\/schema.org\",\"@graph\":[{\"@type\":\"WebPage\",\"@id\":\"https:\\\/\\\/softproof.com\\\/monitor-calibration\\\/\",\"url\":\"https:\\\/\\\/softproof.com\\\/monitor-calibration\\\/\",\"name\":\"Monitor calibration - Softproof.com\",\"isPartOf\":{\"@id\":\"https:\\\/\\\/softproof.com\\\/#website\"},\"primaryImageOfPage\":{\"@id\":\"https:\\\/\\\/softproof.com\\\/monitor-calibration\\\/#primaryimage\"},\"image\":{\"@id\":\"https:\\\/\\\/softproof.com\\\/monitor-calibration\\\/#primaryimage\"},\"thumbnailUrl\":\"https:\\\/\\\/softproof.com\\\/wp-content\\\/uploads\\\/2025\\\/05\\\/monitor-validation.png\",\"datePublished\":\"2023-10-25T08:02:59+00:00\",\"dateModified\":\"2025-05-30T22:28:40+00:00\",\"description\":\"SpectraProof users with hardware-calibratable monitors such as Eizo, Viewsonic or BenQ typically calibrate using the supplied calibration software.\",\"breadcrumb\":{\"@id\":\"https:\\\/\\\/softproof.com\\\/monitor-calibration\\\/#breadcrumb\"},\"inLanguage\":\"pt-PT\",\"potentialAction\":[{\"@type\":\"ReadAction\",\"target\":[\"https:\\\/\\\/softproof.com\\\/monitor-calibration\\\/\"]}]},{\"@type\":\"ImageObject\",\"inLanguage\":\"pt-PT\",\"@id\":\"https:\\\/\\\/softproof.com\\\/monitor-calibration\\\/#primaryimage\",\"url\":\"https:\\\/\\\/softproof.com\\\/wp-content\\\/uploads\\\/2025\\\/05\\\/monitor-validation.png\",\"contentUrl\":\"https:\\\/\\\/softproof.com\\\/wp-content\\\/uploads\\\/2025\\\/05\\\/monitor-validation.png\"},{\"@type\":\"BreadcrumbList\",\"@id\":\"https:\\\/\\\/softproof.com\\\/monitor-calibration\\\/#breadcrumb\",\"itemListElement\":[{\"@type\":\"ListItem\",\"position\":1,\"name\":\"Home\",\"item\":\"https:\\\/\\\/softproof.com\\\/\"},{\"@type\":\"ListItem\",\"position\":2,\"name\":\"Monitor calibration\"}]},{\"@type\":\"WebSite\",\"@id\":\"https:\\\/\\\/softproof.com\\\/#website\",\"url\":\"https:\\\/\\\/softproof.com\\\/\",\"name\":\"Softproof.com\",\"description\":\"Softproofing made easy ...\",\"publisher\":{\"@id\":\"https:\\\/\\\/softproof.com\\\/#organization\"},\"potentialAction\":[{\"@type\":\"SearchAction\",\"target\":{\"@type\":\"EntryPoint\",\"urlTemplate\":\"https:\\\/\\\/softproof.com\\\/?s={search_term_string}\"},\"query-input\":{\"@type\":\"PropertyValueSpecification\",\"valueRequired\":true,\"valueName\":\"search_term_string\"}}],\"inLanguage\":\"pt-PT\"},{\"@type\":\"Organization\",\"@id\":\"https:\\\/\\\/softproof.com\\\/#organization\",\"name\":\"Proof GmbH\",\"url\":\"https:\\\/\\\/softproof.com\\\/\",\"logo\":{\"@type\":\"ImageObject\",\"inLanguage\":\"pt-PT\",\"@id\":\"https:\\\/\\\/softproof.com\\\/#\\\/schema\\\/logo\\\/image\\\/\",\"url\":\"https:\\\/\\\/softproof.com\\\/wp-content\\\/uploads\\\/2023\\\/11\\\/spicon.png\",\"contentUrl\":\"https:\\\/\\\/softproof.com\\\/wp-content\\\/uploads\\\/2023\\\/11\\\/spicon.png\",\"width\":250,\"height\":250,\"caption\":\"Proof GmbH\"},\"image\":{\"@id\":\"https:\\\/\\\/softproof.com\\\/#\\\/schema\\\/logo\\\/image\\\/\"}}]}<\/script>\n<!-- \/ Yoast SEO plugin. -->","yoast_head_json":{"title":"Calibra\u00e7\u00e3o do monitor - Softproof.com","description":"Os utilizadores do SpectraProof que possuem monitores com calibra\u00e7\u00e3o por hardware, como os da Eizo, Viewsonic ou BenQ, costumam efetuar a calibra\u00e7\u00e3o utilizando o software de calibra\u00e7\u00e3o fornecido.","robots":{"index":"index","follow":"follow","max-snippet":"max-snippet:-1","max-image-preview":"max-image-preview:large","max-video-preview":"max-video-preview:-1"},"canonical":"https:\/\/softproof.com\/pt\/calibracao-do-monitor\/","og_locale":"pt_PT","og_type":"article","og_title":"Monitor calibration - Softproof.com","og_description":"SpectraProof users with hardware-calibratable monitors such as Eizo, Viewsonic or BenQ typically calibrate using the supplied calibration software.","og_url":"https:\/\/softproof.com\/pt\/calibracao-do-monitor\/","og_site_name":"Softproof.com","article_modified_time":"2025-05-30T22:28:40+00:00","og_image":[{"width":431,"height":275,"url":"https:\/\/softproof.com\/wp-content\/uploads\/2025\/05\/monitor-validation.png","type":"image\/png"}],"twitter_card":"summary_large_image","twitter_misc":{"Tempo estimado de leitura":"2 minutos"},"schema":{"@context":"https:\/\/schema.org","@graph":[{"@type":"WebPage","@id":"https:\/\/softproof.com\/monitor-calibration\/","url":"https:\/\/softproof.com\/monitor-calibration\/","name":"Calibra\u00e7\u00e3o do monitor - Softproof.com","isPartOf":{"@id":"https:\/\/softproof.com\/#website"},"primaryImageOfPage":{"@id":"https:\/\/softproof.com\/monitor-calibration\/#primaryimage"},"image":{"@id":"https:\/\/softproof.com\/monitor-calibration\/#primaryimage"},"thumbnailUrl":"https:\/\/softproof.com\/wp-content\/uploads\/2025\/05\/monitor-validation.png","datePublished":"2023-10-25T08:02:59+00:00","dateModified":"2025-05-30T22:28:40+00:00","description":"Os utilizadores do SpectraProof que possuem monitores com calibra\u00e7\u00e3o por hardware, como os da Eizo, Viewsonic ou BenQ, costumam efetuar a calibra\u00e7\u00e3o utilizando o software de calibra\u00e7\u00e3o fornecido.","breadcrumb":{"@id":"https:\/\/softproof.com\/monitor-calibration\/#breadcrumb"},"inLanguage":"pt-PT","potentialAction":[{"@type":"ReadAction","target":["https:\/\/softproof.com\/monitor-calibration\/"]}]},{"@type":"ImageObject","inLanguage":"pt-PT","@id":"https:\/\/softproof.com\/monitor-calibration\/#primaryimage","url":"https:\/\/softproof.com\/wp-content\/uploads\/2025\/05\/monitor-validation.png","contentUrl":"https:\/\/softproof.com\/wp-content\/uploads\/2025\/05\/monitor-validation.png"},{"@type":"BreadcrumbList","@id":"https:\/\/softproof.com\/monitor-calibration\/#breadcrumb","itemListElement":[{"@type":"ListItem","position":1,"name":"Home","item":"https:\/\/softproof.com\/"},{"@type":"ListItem","position":2,"name":"Monitor calibration"}]},{"@type":"WebSite","@id":"https:\/\/softproof.com\/#website","url":"https:\/\/softproof.com\/","name":"Softproof.com","description":"Softprooftornar f\u00e1cil...","publisher":{"@id":"https:\/\/softproof.com\/#organization"},"potentialAction":[{"@type":"SearchAction","target":{"@type":"EntryPoint","urlTemplate":"https:\/\/softproof.com\/?s={search_term_string}"},"query-input":{"@type":"PropertyValueSpecification","valueRequired":true,"valueName":"search_term_string"}}],"inLanguage":"pt-PT"},{"@type":"Organization","@id":"https:\/\/softproof.com\/#organization","name":"Proof GmbH","url":"https:\/\/softproof.com\/","logo":{"@type":"ImageObject","inLanguage":"pt-PT","@id":"https:\/\/softproof.com\/#\/schema\/logo\/image\/","url":"https:\/\/softproof.com\/wp-content\/uploads\/2023\/11\/spicon.png","contentUrl":"https:\/\/softproof.com\/wp-content\/uploads\/2023\/11\/spicon.png","width":250,"height":250,"caption":"Proof GmbH"},"image":{"@id":"https:\/\/softproof.com\/#\/schema\/logo\/image\/"}}]}},"_links":{"self":[{"href":"https:\/\/softproof.com\/pt\/wp-json\/wp\/v2\/pages\/1710","targetHints":{"allow":["GET"]}}],"collection":[{"href":"https:\/\/softproof.com\/pt\/wp-json\/wp\/v2\/pages"}],"about":[{"href":"https:\/\/softproof.com\/pt\/wp-json\/wp\/v2\/types\/page"}],"author":[{"embeddable":true,"href":"https:\/\/softproof.com\/pt\/wp-json\/wp\/v2\/users\/1"}],"replies":[{"embeddable":true,"href":"https:\/\/softproof.com\/pt\/wp-json\/wp\/v2\/comments?post=1710"}],"version-history":[{"count":9,"href":"https:\/\/softproof.com\/pt\/wp-json\/wp\/v2\/pages\/1710\/revisions"}],"predecessor-version":[{"id":3384,"href":"https:\/\/softproof.com\/pt\/wp-json\/wp\/v2\/pages\/1710\/revisions\/3384"}],"wp:attachment":[{"href":"https:\/\/softproof.com\/pt\/wp-json\/wp\/v2\/media?parent=1710"}],"curies":[{"name":"wp","href":"https:\/\/api.w.org\/{rel}","templated":true}]}}