{"id":1708,"date":"2023-10-25T10:02:52","date_gmt":"2023-10-25T08:02:52","guid":{"rendered":"https:\/\/softproof.com\/?page_id=1708"},"modified":"2025-05-31T00:32:17","modified_gmt":"2025-05-30T22:32:17","slug":"report-per-la-visualizzazione-delle-condizioni-di-convalida-dellapprovazione","status":"publish","type":"page","link":"https:\/\/softproof.com\/it\/reporting-for-viewing-conditions-approval-validation\/","title":{"rendered":"Reporting per Visualizzazione delle condizioni, Approvazione, Convalida"},"content":{"rendered":"<figure class=\"wp-block-gallery has-nested-images columns-default is-cropped wp-block-gallery-1 is-layout-flex wp-block-gallery-is-layout-flex\">\n<figure class=\"wp-block-image size-large\"><img fetchpriority=\"high\" decoding=\"async\" width=\"726\" height=\"1024\" data-id=\"1958\" src=\"https:\/\/softproof.com\/wp-content\/uploads\/2023\/11\/SpectraProof_reporting_2-726x1024.png\" alt=\"Rapporto Spectraproof Softproof. Tutti i dati rilevanti vengono visualizzati per facilitare il controllo e la valutazione.\" class=\"wp-image-1958\" srcset=\"https:\/\/softproof.com\/wp-content\/uploads\/2023\/11\/SpectraProof_reporting_2-726x1024.png 726w, https:\/\/softproof.com\/wp-content\/uploads\/2023\/11\/SpectraProof_reporting_2-300x423.png 300w, https:\/\/softproof.com\/wp-content\/uploads\/2023\/11\/SpectraProof_reporting_2-600x846.png 600w, https:\/\/softproof.com\/wp-content\/uploads\/2023\/11\/SpectraProof_reporting_2-213x300.png 213w, https:\/\/softproof.com\/wp-content\/uploads\/2023\/11\/SpectraProof_reporting_2-768x1083.png 768w, https:\/\/softproof.com\/wp-content\/uploads\/2023\/11\/SpectraProof_reporting_2-1089x1536.png 1089w, https:\/\/softproof.com\/wp-content\/uploads\/2023\/11\/SpectraProof_reporting_2-9x12.png 9w, https:\/\/softproof.com\/wp-content\/uploads\/2023\/11\/SpectraProof_reporting_2.png 1147w\" sizes=\"(max-width: 726px) 100vw, 726px\" \/><\/figure>\n\n\n\n<figure class=\"wp-block-image size-large\"><img decoding=\"async\" width=\"725\" height=\"1024\" data-id=\"1957\" src=\"https:\/\/softproof.com\/wp-content\/uploads\/2023\/11\/SpectraProof_reporting_3-725x1024.png\" alt=\"Rapporto Spectraproof Softproof. Tutti i colori spot misurati e i colori di processo vengono visualizzati con i risultati della misurazione e la deviazione Delta-E00.\" class=\"wp-image-1957\" srcset=\"https:\/\/softproof.com\/wp-content\/uploads\/2023\/11\/SpectraProof_reporting_3-725x1024.png 725w, https:\/\/softproof.com\/wp-content\/uploads\/2023\/11\/SpectraProof_reporting_3-300x424.png 300w, https:\/\/softproof.com\/wp-content\/uploads\/2023\/11\/SpectraProof_reporting_3-600x847.png 600w, https:\/\/softproof.com\/wp-content\/uploads\/2023\/11\/SpectraProof_reporting_3-212x300.png 212w, https:\/\/softproof.com\/wp-content\/uploads\/2023\/11\/SpectraProof_reporting_3-768x1084.png 768w, https:\/\/softproof.com\/wp-content\/uploads\/2023\/11\/SpectraProof_reporting_3-1088x1536.png 1088w, https:\/\/softproof.com\/wp-content\/uploads\/2023\/11\/SpectraProof_reporting_3-8x12.png 8w, https:\/\/softproof.com\/wp-content\/uploads\/2023\/11\/SpectraProof_reporting_3.png 1146w\" sizes=\"(max-width: 725px) 100vw, 725px\" \/><\/figure>\n\n\n\n<figure class=\"wp-block-image size-large is-style-default\"><img decoding=\"async\" width=\"726\" height=\"1024\" data-id=\"1959\" src=\"https:\/\/softproof.com\/wp-content\/uploads\/2023\/11\/SpectraProof_reporting_4-726x1024.png\" alt=\"Rapporto Spectraproof Softproof. Perfetto per visualizzare le informazioni di softproofing da inviare via e-mail, ecc.\" class=\"wp-image-1959\" srcset=\"https:\/\/softproof.com\/wp-content\/uploads\/2023\/11\/SpectraProof_reporting_4-726x1024.png 726w, https:\/\/softproof.com\/wp-content\/uploads\/2023\/11\/SpectraProof_reporting_4-300x423.png 300w, https:\/\/softproof.com\/wp-content\/uploads\/2023\/11\/SpectraProof_reporting_4-600x847.png 600w, https:\/\/softproof.com\/wp-content\/uploads\/2023\/11\/SpectraProof_reporting_4-213x300.png 213w, https:\/\/softproof.com\/wp-content\/uploads\/2023\/11\/SpectraProof_reporting_4-768x1084.png 768w, https:\/\/softproof.com\/wp-content\/uploads\/2023\/11\/SpectraProof_reporting_4-1088x1536.png 1088w, https:\/\/softproof.com\/wp-content\/uploads\/2023\/11\/SpectraProof_reporting_4-9x12.png 9w, https:\/\/softproof.com\/wp-content\/uploads\/2023\/11\/SpectraProof_reporting_4.png 1145w\" sizes=\"(max-width: 726px) 100vw, 726px\" \/><\/figure>\n<\/figure>\n\n\n<div class=\"gb-container gb-container-5f95a155\">\n<div class=\"wp-block-image\">\n<figure class=\"alignright size-full\"><img loading=\"lazy\" decoding=\"async\" width=\"251\" height=\"254\" src=\"https:\/\/softproof.com\/wp-content\/uploads\/2023\/11\/SpectraProof_reporting_1.png\" alt=\"Soluzione Spectraproof Softproof: Creare il pulsante Report nel menu del software\" class=\"wp-image-1956\" srcset=\"https:\/\/softproof.com\/wp-content\/uploads\/2023\/11\/SpectraProof_reporting_1.png 251w, https:\/\/softproof.com\/wp-content\/uploads\/2023\/11\/SpectraProof_reporting_1-100x100.png 100w, https:\/\/softproof.com\/wp-content\/uploads\/2023\/11\/SpectraProof_reporting_1-12x12.png 12w\" sizes=\"(max-width: 251px) 100vw, 251px\" \/><\/figure>\n<\/div>\n\n\n<p>SpectraProof pu\u00f2 quindi non solo eseguire diverse convalide, ma anche salvarle come report. Soprattutto in tempi di elevati requisiti di gestione della qualit\u00e0, la creazione di rapporti \u00e8 importante quanto la possibilit\u00e0 di effettuare una convalida.<\/p>\n\n<\/div>\n\n\n<p>Una volta eseguita la convalida di un monitor o di un lavoro in SpectraProof, l'utente pu\u00f2 semplicemente generare un rapporto PDF con ulteriori dettagli, come le informazioni sul computer, le condizioni di visualizzazione, il delta E medio e massimo e un elenco dei colori utilizzati per il test con il delta E individuale di tutti i colori, cio\u00e8 i valori misurati e quelli target di ogni colore specifico. Questo rapporto pu\u00f2 essere salvato e inviato, in modo simile al rapporto di prova per una classica prova su carta. Questo viene utilizzato, ad esempio, per la comunicazione con l'Assistenza Clienti. Se l'assistenza clienti vuole parlare con il cliente del lavoro, questo rapporto pu\u00f2 essere allegato per primo. Contiene tutti i commenti, l'immagine di anteprima e i risultati delle misurazioni, che lo rendono la base perfetta per una conversazione.<\/p>\n\n\n\n<h2 class=\"wp-block-heading\">Storia della verifica<\/h2>\n\n\n<div class=\"wp-block-image\">\n<figure class=\"alignleft size-large is-resized\"><img loading=\"lazy\" decoding=\"async\" width=\"1024\" height=\"627\" src=\"https:\/\/softproof.com\/wp-content\/uploads\/2025\/05\/History-1024x627.png\" alt=\"\u00c8 facile tenere traccia della sua Cronologia delle verifiche in Spectraproof per assicurarsi che i suoi Softproof siano perfettamente visualizzati sul suo Sistema Spectraproof Softproof.\" class=\"wp-image-3367\" style=\"width:1160px;height:auto\" srcset=\"https:\/\/softproof.com\/wp-content\/uploads\/2025\/05\/History-1024x627.png 1024w, https:\/\/softproof.com\/wp-content\/uploads\/2025\/05\/History-300x184.png 300w, https:\/\/softproof.com\/wp-content\/uploads\/2025\/05\/History-768x470.png 768w, https:\/\/softproof.com\/wp-content\/uploads\/2025\/05\/History-18x12.png 18w, https:\/\/softproof.com\/wp-content\/uploads\/2025\/05\/History-600x367.png 600w, https:\/\/softproof.com\/wp-content\/uploads\/2025\/05\/History.png 1210w\" sizes=\"(max-width: 1024px) 100vw, 1024px\" \/><figcaption class=\"wp-element-caption\">\u00c8 facile tenere traccia della sua Cronologia delle verifiche in Spectraproof per assicurarsi che i suoi Softproof siano perfettamente visualizzati sul suo Sistema Spectraproof Softproof.<\/figcaption><\/figure>\n<\/div>\n\n\n<p><\/p>","protected":false},"excerpt":{"rendered":"<p>SpectraProof pu\u00f2 quindi non solo eseguire diverse convalide, ma anche salvarle come report. Soprattutto in tempi di elevati requisiti di gestione della qualit\u00e0, la creazione di rapporti \u00e8 importante quanto la possibilit\u00e0 di eseguire una convalida. Una volta eseguita la convalida di un monitor o di un lavoro in SpectraProof, l'utente pu\u00f2 semplicemente generare un rapporto PDF... <a title=\"Reporting per Visualizzazione delle condizioni, Approvazione, Convalida\" class=\"read-more\" href=\"https:\/\/softproof.com\/it\/reporting-for-viewing-conditions-approval-validation\/\" aria-label=\"Per saperne di pi\u00f9 su Reporting per la visualizzazione delle condizioni, approvazione, convalida\">Leggi tutto<\/a><\/p>","protected":false},"author":1,"featured_media":0,"parent":0,"menu_order":0,"comment_status":"closed","ping_status":"closed","template":"","meta":{"CBBTypography":[],"footnotes":""},"class_list":["post-1708","page","type-page","status-publish"],"yoast_head":"<!-- This site is optimized with the Yoast SEO plugin v27.5 - https:\/\/yoast.com\/product\/yoast-seo-wordpress\/ -->\n<title>Reporting for Viewing conditions, Approval, Validation - Softproof.com<\/title>\n<meta name=\"description\" content=\"Not only can SpectraProof run multiple checks, it can also store them as a report. Especially in times of high quality management requirements.\" \/>\n<meta name=\"robots\" content=\"index, follow, max-snippet:-1, max-image-preview:large, max-video-preview:-1\" \/>\n<link rel=\"canonical\" href=\"https:\/\/softproof.com\/it\/report-per-la-visualizzazione-delle-condizioni-di-convalida-dellapprovazione\/\" \/>\n<meta property=\"og:locale\" content=\"it_IT\" \/>\n<meta property=\"og:type\" content=\"article\" \/>\n<meta property=\"og:title\" content=\"Reporting for Viewing conditions, Approval, Validation - Softproof.com\" \/>\n<meta property=\"og:description\" content=\"Not only can SpectraProof run multiple checks, it can also store them as a report. Especially in times of high quality management requirements.\" \/>\n<meta property=\"og:url\" content=\"https:\/\/softproof.com\/it\/report-per-la-visualizzazione-delle-condizioni-di-convalida-dellapprovazione\/\" \/>\n<meta property=\"og:site_name\" content=\"Softproof.com\" \/>\n<meta property=\"article:modified_time\" content=\"2025-05-30T22:32:17+00:00\" \/>\n<meta property=\"og:image\" content=\"https:\/\/softproof.com\/wp-content\/uploads\/2023\/11\/SpectraProof_reporting_2.png\" \/>\n\t<meta property=\"og:image:width\" content=\"1147\" \/>\n\t<meta property=\"og:image:height\" content=\"1618\" \/>\n\t<meta property=\"og:image:type\" content=\"image\/png\" \/>\n<meta name=\"twitter:card\" content=\"summary_large_image\" \/>\n<meta name=\"twitter:label1\" content=\"Tempo di lettura stimato\" \/>\n\t<meta name=\"twitter:data1\" content=\"2 minuti\" \/>\n<script type=\"application\/ld+json\" class=\"yoast-schema-graph\">{\"@context\":\"https:\\\/\\\/schema.org\",\"@graph\":[{\"@type\":\"WebPage\",\"@id\":\"https:\\\/\\\/softproof.com\\\/reporting-for-viewing-conditions-approval-validation\\\/\",\"url\":\"https:\\\/\\\/softproof.com\\\/reporting-for-viewing-conditions-approval-validation\\\/\",\"name\":\"Reporting for Viewing conditions, Approval, Validation - Softproof.com\",\"isPartOf\":{\"@id\":\"https:\\\/\\\/softproof.com\\\/#website\"},\"primaryImageOfPage\":{\"@id\":\"https:\\\/\\\/softproof.com\\\/reporting-for-viewing-conditions-approval-validation\\\/#primaryimage\"},\"image\":{\"@id\":\"https:\\\/\\\/softproof.com\\\/reporting-for-viewing-conditions-approval-validation\\\/#primaryimage\"},\"thumbnailUrl\":\"https:\\\/\\\/softproof.com\\\/wp-content\\\/uploads\\\/2023\\\/11\\\/SpectraProof_reporting_2-726x1024.png\",\"datePublished\":\"2023-10-25T08:02:52+00:00\",\"dateModified\":\"2025-05-30T22:32:17+00:00\",\"description\":\"Not only can SpectraProof run multiple checks, it can also store them as a report. Especially in times of high quality management requirements.\",\"breadcrumb\":{\"@id\":\"https:\\\/\\\/softproof.com\\\/reporting-for-viewing-conditions-approval-validation\\\/#breadcrumb\"},\"inLanguage\":\"it-IT\",\"potentialAction\":[{\"@type\":\"ReadAction\",\"target\":[\"https:\\\/\\\/softproof.com\\\/reporting-for-viewing-conditions-approval-validation\\\/\"]}]},{\"@type\":\"ImageObject\",\"inLanguage\":\"it-IT\",\"@id\":\"https:\\\/\\\/softproof.com\\\/reporting-for-viewing-conditions-approval-validation\\\/#primaryimage\",\"url\":\"https:\\\/\\\/softproof.com\\\/wp-content\\\/uploads\\\/2023\\\/11\\\/SpectraProof_reporting_2-726x1024.png\",\"contentUrl\":\"https:\\\/\\\/softproof.com\\\/wp-content\\\/uploads\\\/2023\\\/11\\\/SpectraProof_reporting_2-726x1024.png\"},{\"@type\":\"BreadcrumbList\",\"@id\":\"https:\\\/\\\/softproof.com\\\/reporting-for-viewing-conditions-approval-validation\\\/#breadcrumb\",\"itemListElement\":[{\"@type\":\"ListItem\",\"position\":1,\"name\":\"Home\",\"item\":\"https:\\\/\\\/softproof.com\\\/\"},{\"@type\":\"ListItem\",\"position\":2,\"name\":\"Reporting for Viewing conditions, Approval, Validation\"}]},{\"@type\":\"WebSite\",\"@id\":\"https:\\\/\\\/softproof.com\\\/#website\",\"url\":\"https:\\\/\\\/softproof.com\\\/\",\"name\":\"Softproof.com\",\"description\":\"Softproofing made easy ...\",\"publisher\":{\"@id\":\"https:\\\/\\\/softproof.com\\\/#organization\"},\"potentialAction\":[{\"@type\":\"SearchAction\",\"target\":{\"@type\":\"EntryPoint\",\"urlTemplate\":\"https:\\\/\\\/softproof.com\\\/?s={search_term_string}\"},\"query-input\":{\"@type\":\"PropertyValueSpecification\",\"valueRequired\":true,\"valueName\":\"search_term_string\"}}],\"inLanguage\":\"it-IT\"},{\"@type\":\"Organization\",\"@id\":\"https:\\\/\\\/softproof.com\\\/#organization\",\"name\":\"Proof GmbH\",\"url\":\"https:\\\/\\\/softproof.com\\\/\",\"logo\":{\"@type\":\"ImageObject\",\"inLanguage\":\"it-IT\",\"@id\":\"https:\\\/\\\/softproof.com\\\/#\\\/schema\\\/logo\\\/image\\\/\",\"url\":\"https:\\\/\\\/softproof.com\\\/wp-content\\\/uploads\\\/2023\\\/11\\\/spicon.png\",\"contentUrl\":\"https:\\\/\\\/softproof.com\\\/wp-content\\\/uploads\\\/2023\\\/11\\\/spicon.png\",\"width\":250,\"height\":250,\"caption\":\"Proof GmbH\"},\"image\":{\"@id\":\"https:\\\/\\\/softproof.com\\\/#\\\/schema\\\/logo\\\/image\\\/\"}}]}<\/script>\n<!-- \/ Yoast SEO plugin. -->","yoast_head_json":{"title":"Reporting per la visualizzazione delle condizioni, approvazione, convalida - Softproof.com","description":"Non solo SpectraProof pu\u00f2 eseguire controlli multipli, ma pu\u00f2 anche memorizzarli come report. Soprattutto in tempi di elevati requisiti di gestione della qualit\u00e0.","robots":{"index":"index","follow":"follow","max-snippet":"max-snippet:-1","max-image-preview":"max-image-preview:large","max-video-preview":"max-video-preview:-1"},"canonical":"https:\/\/softproof.com\/it\/report-per-la-visualizzazione-delle-condizioni-di-convalida-dellapprovazione\/","og_locale":"it_IT","og_type":"article","og_title":"Reporting for Viewing conditions, Approval, Validation - Softproof.com","og_description":"Not only can SpectraProof run multiple checks, it can also store them as a report. Especially in times of high quality management requirements.","og_url":"https:\/\/softproof.com\/it\/report-per-la-visualizzazione-delle-condizioni-di-convalida-dellapprovazione\/","og_site_name":"Softproof.com","article_modified_time":"2025-05-30T22:32:17+00:00","og_image":[{"width":1147,"height":1618,"url":"https:\/\/softproof.com\/wp-content\/uploads\/2023\/11\/SpectraProof_reporting_2.png","type":"image\/png"}],"twitter_card":"summary_large_image","twitter_misc":{"Tempo di lettura stimato":"2 minuti"},"schema":{"@context":"https:\/\/schema.org","@graph":[{"@type":"WebPage","@id":"https:\/\/softproof.com\/reporting-for-viewing-conditions-approval-validation\/","url":"https:\/\/softproof.com\/reporting-for-viewing-conditions-approval-validation\/","name":"Reporting per la visualizzazione delle condizioni, approvazione, convalida - Softproof.com","isPartOf":{"@id":"https:\/\/softproof.com\/#website"},"primaryImageOfPage":{"@id":"https:\/\/softproof.com\/reporting-for-viewing-conditions-approval-validation\/#primaryimage"},"image":{"@id":"https:\/\/softproof.com\/reporting-for-viewing-conditions-approval-validation\/#primaryimage"},"thumbnailUrl":"https:\/\/softproof.com\/wp-content\/uploads\/2023\/11\/SpectraProof_reporting_2-726x1024.png","datePublished":"2023-10-25T08:02:52+00:00","dateModified":"2025-05-30T22:32:17+00:00","description":"Non solo SpectraProof pu\u00f2 eseguire controlli multipli, ma pu\u00f2 anche memorizzarli come report. Soprattutto in tempi di elevati requisiti di gestione della qualit\u00e0.","breadcrumb":{"@id":"https:\/\/softproof.com\/reporting-for-viewing-conditions-approval-validation\/#breadcrumb"},"inLanguage":"it-IT","potentialAction":[{"@type":"ReadAction","target":["https:\/\/softproof.com\/reporting-for-viewing-conditions-approval-validation\/"]}]},{"@type":"ImageObject","inLanguage":"it-IT","@id":"https:\/\/softproof.com\/reporting-for-viewing-conditions-approval-validation\/#primaryimage","url":"https:\/\/softproof.com\/wp-content\/uploads\/2023\/11\/SpectraProof_reporting_2-726x1024.png","contentUrl":"https:\/\/softproof.com\/wp-content\/uploads\/2023\/11\/SpectraProof_reporting_2-726x1024.png"},{"@type":"BreadcrumbList","@id":"https:\/\/softproof.com\/reporting-for-viewing-conditions-approval-validation\/#breadcrumb","itemListElement":[{"@type":"ListItem","position":1,"name":"Home","item":"https:\/\/softproof.com\/"},{"@type":"ListItem","position":2,"name":"Reporting for Viewing conditions, Approval, Validation"}]},{"@type":"WebSite","@id":"https:\/\/softproof.com\/#website","url":"https:\/\/softproof.com\/","name":"Softproof.com","description":"Softproofing reso facile ...","publisher":{"@id":"https:\/\/softproof.com\/#organization"},"potentialAction":[{"@type":"SearchAction","target":{"@type":"EntryPoint","urlTemplate":"https:\/\/softproof.com\/?s={search_term_string}"},"query-input":{"@type":"PropertyValueSpecification","valueRequired":true,"valueName":"search_term_string"}}],"inLanguage":"it-IT"},{"@type":"Organization","@id":"https:\/\/softproof.com\/#organization","name":"Proof GmbH","url":"https:\/\/softproof.com\/","logo":{"@type":"ImageObject","inLanguage":"it-IT","@id":"https:\/\/softproof.com\/#\/schema\/logo\/image\/","url":"https:\/\/softproof.com\/wp-content\/uploads\/2023\/11\/spicon.png","contentUrl":"https:\/\/softproof.com\/wp-content\/uploads\/2023\/11\/spicon.png","width":250,"height":250,"caption":"Proof GmbH"},"image":{"@id":"https:\/\/softproof.com\/#\/schema\/logo\/image\/"}}]}},"_links":{"self":[{"href":"https:\/\/softproof.com\/it\/wp-json\/wp\/v2\/pages\/1708","targetHints":{"allow":["GET"]}}],"collection":[{"href":"https:\/\/softproof.com\/it\/wp-json\/wp\/v2\/pages"}],"about":[{"href":"https:\/\/softproof.com\/it\/wp-json\/wp\/v2\/types\/page"}],"author":[{"embeddable":true,"href":"https:\/\/softproof.com\/it\/wp-json\/wp\/v2\/users\/1"}],"replies":[{"embeddable":true,"href":"https:\/\/softproof.com\/it\/wp-json\/wp\/v2\/comments?post=1708"}],"version-history":[{"count":7,"href":"https:\/\/softproof.com\/it\/wp-json\/wp\/v2\/pages\/1708\/revisions"}],"predecessor-version":[{"id":3388,"href":"https:\/\/softproof.com\/it\/wp-json\/wp\/v2\/pages\/1708\/revisions\/3388"}],"wp:attachment":[{"href":"https:\/\/softproof.com\/it\/wp-json\/wp\/v2\/media?parent=1708"}],"curies":[{"name":"wp","href":"https:\/\/api.w.org\/{rel}","templated":true}]}}