{"id":1732,"date":"2023-10-25T10:04:26","date_gmt":"2023-10-25T08:04:26","guid":{"rendered":"https:\/\/softproof.com\/?page_id=1732"},"modified":"2025-05-31T00:19:49","modified_gmt":"2025-05-30T22:19:49","slug":"compatibilidad-con-datos-cxf4-y-cgats-para-el-intercambio-de-colores-directos","status":"publish","type":"page","link":"https:\/\/softproof.com\/es\/support-of-cxf4-and-cgats-data-for-spot-colour-exchange\/","title":{"rendered":"Soporte de datos CxF4 y CGATS para el intercambio de colores planos\u00a0"},"content":{"rendered":"<div class=\"wp-block-image\">\n<figure class=\"alignright size-full\"><img fetchpriority=\"high\" decoding=\"async\" width=\"651\" height=\"470\" src=\"https:\/\/softproof.com\/wp-content\/uploads\/2025\/05\/MeasuringColors.png\" alt=\"En Spectraproof, puede utilizar espectrofot\u00f3metros como el X-Rite i1Pro2 o el KonicaMinolta MYIRO-1 para medir espectralmente los colores en M0\/M1\/M2 y almacenar las mediciones para suavizar los colores.\" class=\"wp-image-3372\" srcset=\"https:\/\/softproof.com\/wp-content\/uploads\/2025\/05\/MeasuringColors.png 651w, https:\/\/softproof.com\/wp-content\/uploads\/2025\/05\/MeasuringColors-300x217.png 300w, https:\/\/softproof.com\/wp-content\/uploads\/2025\/05\/MeasuringColors-18x12.png 18w, https:\/\/softproof.com\/wp-content\/uploads\/2025\/05\/MeasuringColors-600x433.png 600w\" sizes=\"(max-width: 651px) 100vw, 651px\" \/><figcaption class=\"wp-element-caption\">En Spectraproof, puede utilizar espectrofot\u00f3metros como el X-Rite i1Pro2 o el KonicaMinolta MYIRO-1 para medir espectralmente los colores en M0\/M1\/M2 y almacenar las mediciones para suavizar los colores.<\/figcaption><\/figure>\n<\/div>\n\n\n<p>Utilizar colores planos en SpectraProof es f\u00e1cil: Puede utilizar cualquier archivo CxF o CGATS para importar los datos espectrales medidos en SpectraProof y obtener una visualizaci\u00f3n precisa de los colores planos. O puede utilizar la herramienta de medici\u00f3n incorporada y medir directamente los datos espectrales en modo M0\/M1\/M2 en SpectraProof. Todos los colores planos espectrales medidos o importados pueden nombrarse y clasificarse en bibliotecas de colores individuales. A continuaci\u00f3n, estas bibliotecas pueden utilizarse en SpectraProof a escala de cliente, proyecto, impresora, tinta o sustrato.<\/p>\n\n\n\n<p>Pueden medirse incluso las rampas de todos los colores planos o importarse en formato CxF o CGATS. <\/p>\n\n\n\n<h3 class=\"wp-block-heading\">\u00bfQu\u00e9 es el CGATS y el CxF?<\/h3>\n\n\n\n<p>CGATS (Committee for Graphic Arts Technologies Standards) y CXF (Color Exchange Format) son formatos de archivo y normas utilizados en la gesti\u00f3n del color, especialmente en las industrias de artes gr\u00e1ficas e impresi\u00f3n. Ambos formatos est\u00e1n dise\u00f1ados para representar datos de medici\u00f3n del color y perfiles de color, pero sirven para fines ligeramente diferentes.<\/p>\n\n\n\n<h3 class=\"wp-block-heading\">CGATS (Comit\u00e9 de Normas para las Tecnolog\u00edas de las Artes Gr\u00e1ficas):<\/h3>\n\n\n\n<ul class=\"wp-block-list\">\n<li>CGATS es una norma desarrollada por el Consorcio Internacional del Color (ICC) para almacenar datos de medici\u00f3n del color y perfiles de dispositivos.<\/li>\n\n\n\n<li>Se utiliza habitualmente para intercambiar datos entre distintos sistemas de gesti\u00f3n del color, software y dispositivos de hardware.<\/li>\n\n\n\n<li>Los archivos CGATS suelen almacenar informaci\u00f3n relacionada con las mediciones del color, como datos espectrales o valores de color Lab, y metadatos relacionados.<\/li>\n<\/ul>\n\n\n\n<p><\/p>\n\n\n\n<h3 class=\"wp-block-heading\">CXF (Formato de intercambio de color):<\/h3>\n\n\n\n<ul class=\"wp-block-list\">\n<li>El CXF es un formato de archivo utilizado principalmente para el intercambio de datos espectrales de color, sobre todo en la industria textil y de la confecci\u00f3n.<\/li>\n\n\n\n<li>Est\u00e1 dise\u00f1ado para representar datos de reflectancia y transmitancia espectral, lo que proporciona una descripci\u00f3n exhaustiva de c\u00f3mo un material refleja y transmite la luz en todo el espectro visible.<\/li>\n\n\n\n<li>Los archivos CXF se utilizan a menudo para crear y compartir recetas de color para la formulaci\u00f3n de tintes y la igualaci\u00f3n de colores.<\/li>\n<\/ul>\n\n\n\n<h2 class=\"wp-block-heading\">Diferencias clave entre el CGATS y el CxF:<\/h2>\n\n\n\n<p>La principal diferencia entre el CGATS y el CXF es el tipo de datos de color que pretenden representar:<\/p>\n\n\n\n<ul class=\"wp-block-list\">\n<li>El CGATS es m\u00e1s vers\u00e1til y se utiliza habitualmente para una amplia gama de tareas de gesti\u00f3n del color, como la caracterizaci\u00f3n de dispositivos, la igualaci\u00f3n de colores y las pruebas. Puede representar los datos de medici\u00f3n del color de diversas formas, lo que lo hace adecuado para una gran variedad de aplicaciones de artes gr\u00e1ficas.<\/li>\n<\/ul>\n\n\n\n<ul class=\"wp-block-list\">\n<li>El CXF, por su parte, est\u00e1 especializado en la representaci\u00f3n de datos espectrales. Esto lo hace especialmente \u00fatil para las industrias en las que la coincidencia exacta de colores es cr\u00edtica. Esto es especialmente cierto en el caso de los tintes y los textiles. No se utiliza tanto como el CGATS en el campo m\u00e1s amplio de la gesti\u00f3n del color.<\/li>\n<\/ul>\n\n\n\n<p>En resumen, tanto el CGATS como el CXF son normas para representar datos de color, pero su enfoque y sus casos de uso son diferentes. El CGATS tiene un prop\u00f3sito m\u00e1s general y se utiliza ampliamente, mientras que el CXF est\u00e1 especializado para industrias espec\u00edficas con un fuerte \u00e9nfasis en los datos espectrales del color. La elecci\u00f3n del formato depende de los requisitos espec\u00edficos de las tareas relacionadas con el color en una industria o aplicaci\u00f3n determinada.<\/p>","protected":false},"excerpt":{"rendered":"<p>Utilizar colores planos en SpectraProof es f\u00e1cil: Puede utilizar cualquier archivo CxF o CGATS para importar los datos espectrales medidos en SpectraProof y obtener una visualizaci\u00f3n precisa de los colores planos. O puede utilizar la herramienta de medici\u00f3n incorporada y medir directamente los datos espectrales en modo M0\/M1\/M2 en SpectraProof. Todos los colores planos espectrales medidos o importados pueden nombrarse y ... <a title=\"Soporte de datos CxF4 y CGATS para el intercambio de colores planos\u00a0\" class=\"read-more\" href=\"https:\/\/softproof.com\/es\/support-of-cxf4-and-cgats-data-for-spot-colour-exchange\/\" aria-label=\"Leer m\u00e1s sobre Soporte de datos CxF4 y CGATS para el intercambio de colores planos\u00a0\">Leer m\u00e1s<\/a><\/p>","protected":false},"author":1,"featured_media":0,"parent":0,"menu_order":0,"comment_status":"closed","ping_status":"closed","template":"","meta":{"CBBTypography":[],"footnotes":""},"class_list":["post-1732","page","type-page","status-publish"],"yoast_head":"<!-- This site is optimized with the Yoast SEO plugin v27.1.1 - https:\/\/yoast.com\/product\/yoast-seo-wordpress\/ -->\n<title>Support of CxF4 and CGATS data for spot colour exchange\u00a0 - Softproof.com<\/title>\n<meta name=\"description\" content=\"SpectraProof can import measured spectral data from any CxF or CGATS files for precise spot color display.\" \/>\n<meta name=\"robots\" content=\"index, follow, max-snippet:-1, max-image-preview:large, max-video-preview:-1\" \/>\n<link rel=\"canonical\" href=\"https:\/\/softproof.com\/es\/compatibilidad-con-datos-cxf4-y-cgats-para-el-intercambio-de-colores-directos\/\" \/>\n<meta property=\"og:locale\" content=\"es_ES\" \/>\n<meta property=\"og:type\" content=\"article\" \/>\n<meta property=\"og:title\" content=\"Support of CxF4 and CGATS data for spot colour exchange\u00a0 - Softproof.com\" \/>\n<meta property=\"og:description\" content=\"SpectraProof can import measured spectral data from any CxF or CGATS files for precise spot color display.\" \/>\n<meta property=\"og:url\" content=\"https:\/\/softproof.com\/es\/compatibilidad-con-datos-cxf4-y-cgats-para-el-intercambio-de-colores-directos\/\" \/>\n<meta property=\"og:site_name\" content=\"Softproof.com\" \/>\n<meta property=\"article:modified_time\" content=\"2025-05-30T22:19:49+00:00\" \/>\n<meta property=\"og:image\" content=\"https:\/\/softproof.com\/wp-content\/uploads\/2025\/05\/MeasuringColors.png\" \/>\n\t<meta property=\"og:image:width\" content=\"651\" \/>\n\t<meta property=\"og:image:height\" content=\"470\" \/>\n\t<meta property=\"og:image:type\" content=\"image\/png\" \/>\n<meta name=\"twitter:card\" content=\"summary_large_image\" \/>\n<meta name=\"twitter:label1\" content=\"Tiempo de lectura\" \/>\n\t<meta name=\"twitter:data1\" content=\"3 minutos\" \/>\n<script type=\"application\/ld+json\" class=\"yoast-schema-graph\">{\"@context\":\"https:\/\/schema.org\",\"@graph\":[{\"@type\":\"WebPage\",\"@id\":\"https:\/\/softproof.com\/support-of-cxf4-and-cgats-data-for-spot-colour-exchange\/\",\"url\":\"https:\/\/softproof.com\/support-of-cxf4-and-cgats-data-for-spot-colour-exchange\/\",\"name\":\"Support of CxF4 and CGATS data for spot colour exchange\u00a0 - Softproof.com\",\"isPartOf\":{\"@id\":\"https:\/\/softproof.com\/#website\"},\"primaryImageOfPage\":{\"@id\":\"https:\/\/softproof.com\/support-of-cxf4-and-cgats-data-for-spot-colour-exchange\/#primaryimage\"},\"image\":{\"@id\":\"https:\/\/softproof.com\/support-of-cxf4-and-cgats-data-for-spot-colour-exchange\/#primaryimage\"},\"thumbnailUrl\":\"https:\/\/softproof.com\/wp-content\/uploads\/2025\/05\/MeasuringColors.png\",\"datePublished\":\"2023-10-25T08:04:26+00:00\",\"dateModified\":\"2025-05-30T22:19:49+00:00\",\"description\":\"SpectraProof can import measured spectral data from any CxF or CGATS files for precise spot color display.\",\"breadcrumb\":{\"@id\":\"https:\/\/softproof.com\/support-of-cxf4-and-cgats-data-for-spot-colour-exchange\/#breadcrumb\"},\"inLanguage\":\"es\",\"potentialAction\":[{\"@type\":\"ReadAction\",\"target\":[\"https:\/\/softproof.com\/support-of-cxf4-and-cgats-data-for-spot-colour-exchange\/\"]}]},{\"@type\":\"ImageObject\",\"inLanguage\":\"es\",\"@id\":\"https:\/\/softproof.com\/support-of-cxf4-and-cgats-data-for-spot-colour-exchange\/#primaryimage\",\"url\":\"https:\/\/softproof.com\/wp-content\/uploads\/2025\/05\/MeasuringColors.png\",\"contentUrl\":\"https:\/\/softproof.com\/wp-content\/uploads\/2025\/05\/MeasuringColors.png\"},{\"@type\":\"BreadcrumbList\",\"@id\":\"https:\/\/softproof.com\/support-of-cxf4-and-cgats-data-for-spot-colour-exchange\/#breadcrumb\",\"itemListElement\":[{\"@type\":\"ListItem\",\"position\":1,\"name\":\"Home\",\"item\":\"https:\/\/softproof.com\/\"},{\"@type\":\"ListItem\",\"position\":2,\"name\":\"Support of CxF4 and CGATS data for spot colour exchange\u00a0\"}]},{\"@type\":\"WebSite\",\"@id\":\"https:\/\/softproof.com\/#website\",\"url\":\"https:\/\/softproof.com\/\",\"name\":\"Softproof.com\",\"description\":\"Softproofing made easy ...\",\"publisher\":{\"@id\":\"https:\/\/softproof.com\/#organization\"},\"potentialAction\":[{\"@type\":\"SearchAction\",\"target\":{\"@type\":\"EntryPoint\",\"urlTemplate\":\"https:\/\/softproof.com\/?s={search_term_string}\"},\"query-input\":{\"@type\":\"PropertyValueSpecification\",\"valueRequired\":true,\"valueName\":\"search_term_string\"}}],\"inLanguage\":\"es\"},{\"@type\":\"Organization\",\"@id\":\"https:\/\/softproof.com\/#organization\",\"name\":\"Proof GmbH\",\"url\":\"https:\/\/softproof.com\/\",\"logo\":{\"@type\":\"ImageObject\",\"inLanguage\":\"es\",\"@id\":\"https:\/\/softproof.com\/#\/schema\/logo\/image\/\",\"url\":\"https:\/\/softproof.com\/wp-content\/uploads\/2023\/11\/spicon.png\",\"contentUrl\":\"https:\/\/softproof.com\/wp-content\/uploads\/2023\/11\/spicon.png\",\"width\":250,\"height\":250,\"caption\":\"Proof GmbH\"},\"image\":{\"@id\":\"https:\/\/softproof.com\/#\/schema\/logo\/image\/\"}}]}<\/script>\n<!-- \/ Yoast SEO plugin. -->","yoast_head_json":{"title":"Soporte de datos CxF4 y CGATS para el intercambio de colores al contado - Softproof.com","description":"SpectraProof puede importar datos espectrales medidos de cualquier archivo CxF o CGATS para una visualizaci\u00f3n precisa de los colores planos.","robots":{"index":"index","follow":"follow","max-snippet":"max-snippet:-1","max-image-preview":"max-image-preview:large","max-video-preview":"max-video-preview:-1"},"canonical":"https:\/\/softproof.com\/es\/compatibilidad-con-datos-cxf4-y-cgats-para-el-intercambio-de-colores-directos\/","og_locale":"es_ES","og_type":"article","og_title":"Support of CxF4 and CGATS data for spot colour exchange\u00a0 - Softproof.com","og_description":"SpectraProof can import measured spectral data from any CxF or CGATS files for precise spot color display.","og_url":"https:\/\/softproof.com\/es\/compatibilidad-con-datos-cxf4-y-cgats-para-el-intercambio-de-colores-directos\/","og_site_name":"Softproof.com","article_modified_time":"2025-05-30T22:19:49+00:00","og_image":[{"width":651,"height":470,"url":"https:\/\/softproof.com\/wp-content\/uploads\/2025\/05\/MeasuringColors.png","type":"image\/png"}],"twitter_card":"summary_large_image","twitter_misc":{"Tiempo de lectura":"3 minutos"},"schema":{"@context":"https:\/\/schema.org","@graph":[{"@type":"WebPage","@id":"https:\/\/softproof.com\/support-of-cxf4-and-cgats-data-for-spot-colour-exchange\/","url":"https:\/\/softproof.com\/support-of-cxf4-and-cgats-data-for-spot-colour-exchange\/","name":"Soporte de datos CxF4 y CGATS para el intercambio de colores al contado - Softproof.com","isPartOf":{"@id":"https:\/\/softproof.com\/#website"},"primaryImageOfPage":{"@id":"https:\/\/softproof.com\/support-of-cxf4-and-cgats-data-for-spot-colour-exchange\/#primaryimage"},"image":{"@id":"https:\/\/softproof.com\/support-of-cxf4-and-cgats-data-for-spot-colour-exchange\/#primaryimage"},"thumbnailUrl":"https:\/\/softproof.com\/wp-content\/uploads\/2025\/05\/MeasuringColors.png","datePublished":"2023-10-25T08:04:26+00:00","dateModified":"2025-05-30T22:19:49+00:00","description":"SpectraProof puede importar datos espectrales medidos de cualquier archivo CxF o CGATS para una visualizaci\u00f3n precisa de los colores planos.","breadcrumb":{"@id":"https:\/\/softproof.com\/support-of-cxf4-and-cgats-data-for-spot-colour-exchange\/#breadcrumb"},"inLanguage":"es","potentialAction":[{"@type":"ReadAction","target":["https:\/\/softproof.com\/support-of-cxf4-and-cgats-data-for-spot-colour-exchange\/"]}]},{"@type":"ImageObject","inLanguage":"es","@id":"https:\/\/softproof.com\/support-of-cxf4-and-cgats-data-for-spot-colour-exchange\/#primaryimage","url":"https:\/\/softproof.com\/wp-content\/uploads\/2025\/05\/MeasuringColors.png","contentUrl":"https:\/\/softproof.com\/wp-content\/uploads\/2025\/05\/MeasuringColors.png"},{"@type":"BreadcrumbList","@id":"https:\/\/softproof.com\/support-of-cxf4-and-cgats-data-for-spot-colour-exchange\/#breadcrumb","itemListElement":[{"@type":"ListItem","position":1,"name":"Home","item":"https:\/\/softproof.com\/"},{"@type":"ListItem","position":2,"name":"Support of CxF4 and CGATS data for spot colour exchange\u00a0"}]},{"@type":"WebSite","@id":"https:\/\/softproof.com\/#website","url":"https:\/\/softproof.com\/","name":"Softproof.com","description":"Softproofing hecho f\u00e1cil ...","publisher":{"@id":"https:\/\/softproof.com\/#organization"},"potentialAction":[{"@type":"SearchAction","target":{"@type":"EntryPoint","urlTemplate":"https:\/\/softproof.com\/?s={search_term_string}"},"query-input":{"@type":"PropertyValueSpecification","valueRequired":true,"valueName":"search_term_string"}}],"inLanguage":"es"},{"@type":"Organization","@id":"https:\/\/softproof.com\/#organization","name":"Proof GmbH","url":"https:\/\/softproof.com\/","logo":{"@type":"ImageObject","inLanguage":"es","@id":"https:\/\/softproof.com\/#\/schema\/logo\/image\/","url":"https:\/\/softproof.com\/wp-content\/uploads\/2023\/11\/spicon.png","contentUrl":"https:\/\/softproof.com\/wp-content\/uploads\/2023\/11\/spicon.png","width":250,"height":250,"caption":"Proof GmbH"},"image":{"@id":"https:\/\/softproof.com\/#\/schema\/logo\/image\/"}}]}},"_links":{"self":[{"href":"https:\/\/softproof.com\/es\/wp-json\/wp\/v2\/pages\/1732","targetHints":{"allow":["GET"]}}],"collection":[{"href":"https:\/\/softproof.com\/es\/wp-json\/wp\/v2\/pages"}],"about":[{"href":"https:\/\/softproof.com\/es\/wp-json\/wp\/v2\/types\/page"}],"author":[{"embeddable":true,"href":"https:\/\/softproof.com\/es\/wp-json\/wp\/v2\/users\/1"}],"replies":[{"embeddable":true,"href":"https:\/\/softproof.com\/es\/wp-json\/wp\/v2\/comments?post=1732"}],"version-history":[{"count":5,"href":"https:\/\/softproof.com\/es\/wp-json\/wp\/v2\/pages\/1732\/revisions"}],"predecessor-version":[{"id":3378,"href":"https:\/\/softproof.com\/es\/wp-json\/wp\/v2\/pages\/1732\/revisions\/3378"}],"wp:attachment":[{"href":"https:\/\/softproof.com\/es\/wp-json\/wp\/v2\/media?parent=1732"}],"curies":[{"name":"wp","href":"https:\/\/api.w.org\/{rel}","templated":true}]}}