{"id":1720,"date":"2023-10-25T10:03:39","date_gmt":"2023-10-25T08:03:39","guid":{"rendered":"https:\/\/softproof.com\/?page_id=1720"},"modified":"2025-05-31T00:26:43","modified_gmt":"2025-05-30T22:26:43","slug":"funciones-de-comentario-y-aprobacion","status":"publish","type":"page","link":"https:\/\/softproof.com\/es\/comment-and-approval-functions\/","title":{"rendered":"Funciones de comentario y aprobaci\u00f3n"},"content":{"rendered":"<div class=\"gb-container gb-container-6e5dc8df\">\n<div class=\"gb-container gb-container-7d6c6351\">\n<div class=\"wp-block-image\">\n<figure class=\"alignright size-full\"><img fetchpriority=\"high\" decoding=\"async\" width=\"378\" height=\"148\" src=\"https:\/\/softproof.com\/wp-content\/uploads\/2023\/11\/SpectraProof_Job_Approval.png\" alt=\"Soluci\u00f3n Spectraproof Softproof: Visualizaci\u00f3n del estado del trabajo Softproof\" class=\"wp-image-1813\" srcset=\"https:\/\/softproof.com\/wp-content\/uploads\/2023\/11\/SpectraProof_Job_Approval.png 378w, https:\/\/softproof.com\/wp-content\/uploads\/2023\/11\/SpectraProof_Job_Approval-300x117.png 300w, https:\/\/softproof.com\/wp-content\/uploads\/2023\/11\/SpectraProof_Job_Approval-18x7.png 18w\" sizes=\"(max-width: 378px) 100vw, 378px\" \/><\/figure>\n<\/div>\n\n\n<p>En SpectraProof, cualquier trabajo puede ser comentado por cualquier usuario y someterse a diferentes etapas de aprobaci\u00f3n. Desde la apertura y el procesamiento de un nuevo archivo PDF o TIFF de un cliente, cualquier paso como la asignaci\u00f3n de tintas planas, la medici\u00f3n de nuevas tintas planas y sustratos, etc. puede documentarse a\u00f1adiendo comentarios y diferentes etapas de aprobaci\u00f3n. Para cualquier usuario, estos comentarios llevan un sello de tiempo y usuario para comprender mejor el proceso de aprobaci\u00f3n. El estado de aprobaci\u00f3n del trabajo puede pasar de nuevo a aprobado definitivamente cuando el archivo est\u00e9 listo para imprimir.<\/p>\n\n\n\n<figure class=\"wp-block-image size-large is-resized\"><a href=\"https:\/\/softproof.com\/wp-content\/uploads\/2025\/05\/comments.png\"><img decoding=\"async\" width=\"1024\" height=\"576\" src=\"https:\/\/softproof.com\/wp-content\/uploads\/2025\/05\/comments-1024x576.png\" alt=\"Utilice la funci\u00f3n avanzada de comentarios en Spectraproof para a\u00f1adir comentarios a otros trabajos de preimpresi\u00f3n e intercambiar informaci\u00f3n a lo largo de la cadena de procesos dentro de la empresa.\" class=\"wp-image-3370\" style=\"width:1160px;height:auto\" srcset=\"https:\/\/softproof.com\/wp-content\/uploads\/2025\/05\/comments-1024x576.png 1024w, https:\/\/softproof.com\/wp-content\/uploads\/2025\/05\/comments-300x169.png 300w, https:\/\/softproof.com\/wp-content\/uploads\/2025\/05\/comments-768x432.png 768w, https:\/\/softproof.com\/wp-content\/uploads\/2025\/05\/comments-1536x864.png 1536w, https:\/\/softproof.com\/wp-content\/uploads\/2025\/05\/comments-2048x1152.png 2048w, https:\/\/softproof.com\/wp-content\/uploads\/2025\/05\/comments-18x10.png 18w, https:\/\/softproof.com\/wp-content\/uploads\/2025\/05\/comments-600x338.png 600w\" sizes=\"(max-width: 1024px) 100vw, 1024px\" \/><\/a><figcaption class=\"wp-element-caption\">Utilice la funci\u00f3n avanzada de comentarios en Spectraproof para a\u00f1adir comentarios a otros trabajos de preimpresi\u00f3n e intercambiar informaci\u00f3n a lo largo de la cadena de procesos dentro de la empresa.<\/figcaption><\/figure>\n\n<\/div>\n<\/div>\n\n\n<figure class=\"wp-block-image size-full is-resized\"><img decoding=\"async\" width=\"1399\" height=\"720\" src=\"https:\/\/softproof.com\/wp-content\/uploads\/2023\/10\/SpectraProof_Comment_Function_with_timestamp.png\" alt=\"Soluci\u00f3n Spectraproof Softproof: Visualizaci\u00f3n en pantalla para comentarios sobre Softproof\" class=\"wp-image-1758\" style=\"aspect-ratio:1.9430740037950665;width:1160px;height:auto\" srcset=\"https:\/\/softproof.com\/wp-content\/uploads\/2023\/10\/SpectraProof_Comment_Function_with_timestamp.png 1399w, https:\/\/softproof.com\/wp-content\/uploads\/2023\/10\/SpectraProof_Comment_Function_with_timestamp-300x154.png 300w, https:\/\/softproof.com\/wp-content\/uploads\/2023\/10\/SpectraProof_Comment_Function_with_timestamp-600x309.png 600w, https:\/\/softproof.com\/wp-content\/uploads\/2023\/10\/SpectraProof_Comment_Function_with_timestamp-1024x527.png 1024w, https:\/\/softproof.com\/wp-content\/uploads\/2023\/10\/SpectraProof_Comment_Function_with_timestamp-768x395.png 768w, https:\/\/softproof.com\/wp-content\/uploads\/2023\/10\/SpectraProof_Comment_Function_with_timestamp-18x9.png 18w\" sizes=\"(max-width: 1399px) 100vw, 1399px\" \/><\/figure>","protected":false},"excerpt":{"rendered":"<p>En SpectraProof, cualquier trabajo puede ser comentado por cualquier usuario y someterse a diferentes etapas de aprobaci\u00f3n. Desde la apertura y el procesamiento de un nuevo archivo PDF o TIFF de un cliente, cualquier paso como la asignaci\u00f3n de tintas planas, la medici\u00f3n de nuevas tintas planas y sustratos, etc. puede documentarse a\u00f1adiendo comentarios y diferentes etapas de aprobaci\u00f3n. Para cualquier usuario, ... <a title=\"Funciones de comentario y aprobaci\u00f3n\" class=\"read-more\" href=\"https:\/\/softproof.com\/es\/comment-and-approval-functions\/\" aria-label=\"Leer m\u00e1s sobre Funciones de comentario y aprobaci\u00f3n\">Leer m\u00e1s<\/a><\/p>","protected":false},"author":1,"featured_media":0,"parent":0,"menu_order":0,"comment_status":"closed","ping_status":"closed","template":"","meta":{"CBBTypography":[],"footnotes":""},"class_list":["post-1720","page","type-page","status-publish"],"yoast_head":"<!-- This site is optimized with the Yoast SEO plugin v27.5 - https:\/\/yoast.com\/product\/yoast-seo-wordpress\/ -->\n<title>Comment and approval functions - Softproof.com<\/title>\n<meta name=\"description\" content=\"In SpectraProof, any Job can be commented by any user for and undergo different approval stages.\" \/>\n<meta name=\"robots\" content=\"index, follow, max-snippet:-1, max-image-preview:large, max-video-preview:-1\" \/>\n<link rel=\"canonical\" href=\"https:\/\/softproof.com\/es\/funciones-de-comentario-y-aprobacion\/\" \/>\n<meta property=\"og:locale\" content=\"es_ES\" \/>\n<meta property=\"og:type\" content=\"article\" \/>\n<meta property=\"og:title\" content=\"Comment and approval functions - Softproof.com\" \/>\n<meta property=\"og:description\" content=\"In SpectraProof, any Job can be commented by any user for and undergo different approval stages.\" \/>\n<meta property=\"og:url\" content=\"https:\/\/softproof.com\/es\/funciones-de-comentario-y-aprobacion\/\" \/>\n<meta property=\"og:site_name\" content=\"Softproof.com\" \/>\n<meta property=\"article:modified_time\" content=\"2025-05-30T22:26:43+00:00\" \/>\n<meta property=\"og:image\" content=\"https:\/\/softproof.com\/wp-content\/uploads\/2023\/11\/SpectraProof_Job_Approval.png\" \/>\n\t<meta property=\"og:image:width\" content=\"378\" \/>\n\t<meta property=\"og:image:height\" content=\"148\" \/>\n\t<meta property=\"og:image:type\" content=\"image\/png\" \/>\n<meta name=\"twitter:card\" content=\"summary_large_image\" \/>\n<meta name=\"twitter:label1\" content=\"Tiempo de lectura\" \/>\n\t<meta name=\"twitter:data1\" content=\"2 minutos\" \/>\n<script type=\"application\/ld+json\" class=\"yoast-schema-graph\">{\"@context\":\"https:\\\/\\\/schema.org\",\"@graph\":[{\"@type\":\"WebPage\",\"@id\":\"https:\\\/\\\/softproof.com\\\/comment-and-approval-functions\\\/\",\"url\":\"https:\\\/\\\/softproof.com\\\/comment-and-approval-functions\\\/\",\"name\":\"Comment and approval functions - Softproof.com\",\"isPartOf\":{\"@id\":\"https:\\\/\\\/softproof.com\\\/#website\"},\"primaryImageOfPage\":{\"@id\":\"https:\\\/\\\/softproof.com\\\/comment-and-approval-functions\\\/#primaryimage\"},\"image\":{\"@id\":\"https:\\\/\\\/softproof.com\\\/comment-and-approval-functions\\\/#primaryimage\"},\"thumbnailUrl\":\"https:\\\/\\\/softproof.com\\\/wp-content\\\/uploads\\\/2023\\\/11\\\/SpectraProof_Job_Approval.png\",\"datePublished\":\"2023-10-25T08:03:39+00:00\",\"dateModified\":\"2025-05-30T22:26:43+00:00\",\"description\":\"In SpectraProof, any Job can be commented by any user for and undergo different approval stages.\",\"breadcrumb\":{\"@id\":\"https:\\\/\\\/softproof.com\\\/comment-and-approval-functions\\\/#breadcrumb\"},\"inLanguage\":\"es\",\"potentialAction\":[{\"@type\":\"ReadAction\",\"target\":[\"https:\\\/\\\/softproof.com\\\/comment-and-approval-functions\\\/\"]}]},{\"@type\":\"ImageObject\",\"inLanguage\":\"es\",\"@id\":\"https:\\\/\\\/softproof.com\\\/comment-and-approval-functions\\\/#primaryimage\",\"url\":\"https:\\\/\\\/softproof.com\\\/wp-content\\\/uploads\\\/2023\\\/11\\\/SpectraProof_Job_Approval.png\",\"contentUrl\":\"https:\\\/\\\/softproof.com\\\/wp-content\\\/uploads\\\/2023\\\/11\\\/SpectraProof_Job_Approval.png\"},{\"@type\":\"BreadcrumbList\",\"@id\":\"https:\\\/\\\/softproof.com\\\/comment-and-approval-functions\\\/#breadcrumb\",\"itemListElement\":[{\"@type\":\"ListItem\",\"position\":1,\"name\":\"Home\",\"item\":\"https:\\\/\\\/softproof.com\\\/\"},{\"@type\":\"ListItem\",\"position\":2,\"name\":\"Comment and approval functions\"}]},{\"@type\":\"WebSite\",\"@id\":\"https:\\\/\\\/softproof.com\\\/#website\",\"url\":\"https:\\\/\\\/softproof.com\\\/\",\"name\":\"Softproof.com\",\"description\":\"Softproofing made easy ...\",\"publisher\":{\"@id\":\"https:\\\/\\\/softproof.com\\\/#organization\"},\"potentialAction\":[{\"@type\":\"SearchAction\",\"target\":{\"@type\":\"EntryPoint\",\"urlTemplate\":\"https:\\\/\\\/softproof.com\\\/?s={search_term_string}\"},\"query-input\":{\"@type\":\"PropertyValueSpecification\",\"valueRequired\":true,\"valueName\":\"search_term_string\"}}],\"inLanguage\":\"es\"},{\"@type\":\"Organization\",\"@id\":\"https:\\\/\\\/softproof.com\\\/#organization\",\"name\":\"Proof GmbH\",\"url\":\"https:\\\/\\\/softproof.com\\\/\",\"logo\":{\"@type\":\"ImageObject\",\"inLanguage\":\"es\",\"@id\":\"https:\\\/\\\/softproof.com\\\/#\\\/schema\\\/logo\\\/image\\\/\",\"url\":\"https:\\\/\\\/softproof.com\\\/wp-content\\\/uploads\\\/2023\\\/11\\\/spicon.png\",\"contentUrl\":\"https:\\\/\\\/softproof.com\\\/wp-content\\\/uploads\\\/2023\\\/11\\\/spicon.png\",\"width\":250,\"height\":250,\"caption\":\"Proof GmbH\"},\"image\":{\"@id\":\"https:\\\/\\\/softproof.com\\\/#\\\/schema\\\/logo\\\/image\\\/\"}}]}<\/script>\n<!-- \/ Yoast SEO plugin. -->","yoast_head_json":{"title":"Funciones de comentario y aprobaci\u00f3n - Softproof.com","description":"En SpectraProof, cualquier trabajo puede ser comentado por cualquier usuario para y someterse a diferentes etapas de aprobaci\u00f3n.","robots":{"index":"index","follow":"follow","max-snippet":"max-snippet:-1","max-image-preview":"max-image-preview:large","max-video-preview":"max-video-preview:-1"},"canonical":"https:\/\/softproof.com\/es\/funciones-de-comentario-y-aprobacion\/","og_locale":"es_ES","og_type":"article","og_title":"Comment and approval functions - Softproof.com","og_description":"In SpectraProof, any Job can be commented by any user for and undergo different approval stages.","og_url":"https:\/\/softproof.com\/es\/funciones-de-comentario-y-aprobacion\/","og_site_name":"Softproof.com","article_modified_time":"2025-05-30T22:26:43+00:00","og_image":[{"width":378,"height":148,"url":"https:\/\/softproof.com\/wp-content\/uploads\/2023\/11\/SpectraProof_Job_Approval.png","type":"image\/png"}],"twitter_card":"summary_large_image","twitter_misc":{"Tiempo de lectura":"2 minutos"},"schema":{"@context":"https:\/\/schema.org","@graph":[{"@type":"WebPage","@id":"https:\/\/softproof.com\/comment-and-approval-functions\/","url":"https:\/\/softproof.com\/comment-and-approval-functions\/","name":"Funciones de comentario y aprobaci\u00f3n - Softproof.com","isPartOf":{"@id":"https:\/\/softproof.com\/#website"},"primaryImageOfPage":{"@id":"https:\/\/softproof.com\/comment-and-approval-functions\/#primaryimage"},"image":{"@id":"https:\/\/softproof.com\/comment-and-approval-functions\/#primaryimage"},"thumbnailUrl":"https:\/\/softproof.com\/wp-content\/uploads\/2023\/11\/SpectraProof_Job_Approval.png","datePublished":"2023-10-25T08:03:39+00:00","dateModified":"2025-05-30T22:26:43+00:00","description":"En SpectraProof, cualquier trabajo puede ser comentado por cualquier usuario para y someterse a diferentes etapas de aprobaci\u00f3n.","breadcrumb":{"@id":"https:\/\/softproof.com\/comment-and-approval-functions\/#breadcrumb"},"inLanguage":"es","potentialAction":[{"@type":"ReadAction","target":["https:\/\/softproof.com\/comment-and-approval-functions\/"]}]},{"@type":"ImageObject","inLanguage":"es","@id":"https:\/\/softproof.com\/comment-and-approval-functions\/#primaryimage","url":"https:\/\/softproof.com\/wp-content\/uploads\/2023\/11\/SpectraProof_Job_Approval.png","contentUrl":"https:\/\/softproof.com\/wp-content\/uploads\/2023\/11\/SpectraProof_Job_Approval.png"},{"@type":"BreadcrumbList","@id":"https:\/\/softproof.com\/comment-and-approval-functions\/#breadcrumb","itemListElement":[{"@type":"ListItem","position":1,"name":"Home","item":"https:\/\/softproof.com\/"},{"@type":"ListItem","position":2,"name":"Comment and approval functions"}]},{"@type":"WebSite","@id":"https:\/\/softproof.com\/#website","url":"https:\/\/softproof.com\/","name":"Softproof.com","description":"Softproofing hecho f\u00e1cil ...","publisher":{"@id":"https:\/\/softproof.com\/#organization"},"potentialAction":[{"@type":"SearchAction","target":{"@type":"EntryPoint","urlTemplate":"https:\/\/softproof.com\/?s={search_term_string}"},"query-input":{"@type":"PropertyValueSpecification","valueRequired":true,"valueName":"search_term_string"}}],"inLanguage":"es"},{"@type":"Organization","@id":"https:\/\/softproof.com\/#organization","name":"Proof GmbH","url":"https:\/\/softproof.com\/","logo":{"@type":"ImageObject","inLanguage":"es","@id":"https:\/\/softproof.com\/#\/schema\/logo\/image\/","url":"https:\/\/softproof.com\/wp-content\/uploads\/2023\/11\/spicon.png","contentUrl":"https:\/\/softproof.com\/wp-content\/uploads\/2023\/11\/spicon.png","width":250,"height":250,"caption":"Proof GmbH"},"image":{"@id":"https:\/\/softproof.com\/#\/schema\/logo\/image\/"}}]}},"_links":{"self":[{"href":"https:\/\/softproof.com\/es\/wp-json\/wp\/v2\/pages\/1720","targetHints":{"allow":["GET"]}}],"collection":[{"href":"https:\/\/softproof.com\/es\/wp-json\/wp\/v2\/pages"}],"about":[{"href":"https:\/\/softproof.com\/es\/wp-json\/wp\/v2\/types\/page"}],"author":[{"embeddable":true,"href":"https:\/\/softproof.com\/es\/wp-json\/wp\/v2\/users\/1"}],"replies":[{"embeddable":true,"href":"https:\/\/softproof.com\/es\/wp-json\/wp\/v2\/comments?post=1720"}],"version-history":[{"count":7,"href":"https:\/\/softproof.com\/es\/wp-json\/wp\/v2\/pages\/1720\/revisions"}],"predecessor-version":[{"id":3383,"href":"https:\/\/softproof.com\/es\/wp-json\/wp\/v2\/pages\/1720\/revisions\/3383"}],"wp:attachment":[{"href":"https:\/\/softproof.com\/es\/wp-json\/wp\/v2\/media?parent=1720"}],"curies":[{"name":"wp","href":"https:\/\/api.w.org\/{rel}","templated":true}]}}