{"id":3400,"date":"2025-06-27T09:51:33","date_gmt":"2025-06-27T07:51:33","guid":{"rendered":"https:\/\/softproof.com\/?page_id=3400"},"modified":"2026-01-22T15:44:45","modified_gmt":"2026-01-22T14:44:45","slug":"schuzka-na-konzultaci","status":"publish","type":"page","link":"https:\/\/softproof.com\/cs\/consultation-appointment\/","title":{"rendered":"Bezplatn\u00e1 konzultace"},"content":{"rendered":"<script type=\"text\/javascript\" async src=\"https:\/\/static.zcal.co\/embed\/v1\/embed.js\"><\/script>\n<div class=\"zcal-inline-widget\"><a href=\"https:\/\/zcal.co\/i\/InA14E4S\">Konzulta\u010dn\u00ed sch\u016fzka prost\u0159ednictv\u00edm videohovoru (15 minut) - Napl\u00e1nujte si sch\u016fzku<\/a><\/div>","protected":false},"excerpt":{"rendered":"<p>Konzulta\u010dn\u00ed sch\u016fzka prost\u0159ednictv\u00edm videohovoru (15 minut) - Napl\u00e1nujte si sch\u016fzku<\/p>","protected":false},"author":1,"featured_media":0,"parent":0,"menu_order":0,"comment_status":"closed","ping_status":"closed","template":"","meta":{"CBBTypography":[],"footnotes":""},"class_list":["post-3400","page","type-page","status-publish"],"yoast_head":"<!-- This site is optimized with the Yoast SEO plugin v27.5 - https:\/\/yoast.com\/product\/yoast-seo-wordpress\/ -->\n<title>Free consultation appointment - Softproof.com<\/title>\n<meta name=\"robots\" content=\"index, follow, max-snippet:-1, max-image-preview:large, max-video-preview:-1\" \/>\n<link rel=\"canonical\" href=\"https:\/\/softproof.com\/cs\/schuzka-na-konzultaci\/\" \/>\n<meta property=\"og:locale\" content=\"cs_CZ\" \/>\n<meta property=\"og:type\" content=\"article\" \/>\n<meta property=\"og:title\" content=\"Free consultation appointment - Softproof.com\" \/>\n<meta property=\"og:description\" content=\"Consultation appointment via video call (15min) &#8211; Schedule a meeting\" \/>\n<meta property=\"og:url\" content=\"https:\/\/softproof.com\/cs\/schuzka-na-konzultaci\/\" \/>\n<meta property=\"og:site_name\" content=\"Softproof.com\" \/>\n<meta property=\"article:modified_time\" content=\"2026-01-22T14:44:45+00:00\" \/>\n<meta name=\"twitter:card\" content=\"summary_large_image\" \/>\n<meta name=\"twitter:label1\" content=\"Odhadovan\u00e1 doba \u010dten\u00ed\" \/>\n\t<meta name=\"twitter:data1\" content=\"1 minuta\" \/>\n<script type=\"application\/ld+json\" class=\"yoast-schema-graph\">{\"@context\":\"https:\\\/\\\/schema.org\",\"@graph\":[{\"@type\":\"WebPage\",\"@id\":\"https:\\\/\\\/softproof.com\\\/consultation-appointment\\\/\",\"url\":\"https:\\\/\\\/softproof.com\\\/consultation-appointment\\\/\",\"name\":\"Free consultation appointment - Softproof.com\",\"isPartOf\":{\"@id\":\"https:\\\/\\\/softproof.com\\\/#website\"},\"datePublished\":\"2025-06-27T07:51:33+00:00\",\"dateModified\":\"2026-01-22T14:44:45+00:00\",\"breadcrumb\":{\"@id\":\"https:\\\/\\\/softproof.com\\\/consultation-appointment\\\/#breadcrumb\"},\"inLanguage\":\"cs\",\"potentialAction\":[{\"@type\":\"ReadAction\",\"target\":[\"https:\\\/\\\/softproof.com\\\/consultation-appointment\\\/\"]}]},{\"@type\":\"BreadcrumbList\",\"@id\":\"https:\\\/\\\/softproof.com\\\/consultation-appointment\\\/#breadcrumb\",\"itemListElement\":[{\"@type\":\"ListItem\",\"position\":1,\"name\":\"Home\",\"item\":\"https:\\\/\\\/softproof.com\\\/\"},{\"@type\":\"ListItem\",\"position\":2,\"name\":\"Free consultation appointment\"}]},{\"@type\":\"WebSite\",\"@id\":\"https:\\\/\\\/softproof.com\\\/#website\",\"url\":\"https:\\\/\\\/softproof.com\\\/\",\"name\":\"Softproof.com\",\"description\":\"Softproofing made easy ...\",\"publisher\":{\"@id\":\"https:\\\/\\\/softproof.com\\\/#organization\"},\"potentialAction\":[{\"@type\":\"SearchAction\",\"target\":{\"@type\":\"EntryPoint\",\"urlTemplate\":\"https:\\\/\\\/softproof.com\\\/?s={search_term_string}\"},\"query-input\":{\"@type\":\"PropertyValueSpecification\",\"valueRequired\":true,\"valueName\":\"search_term_string\"}}],\"inLanguage\":\"cs\"},{\"@type\":\"Organization\",\"@id\":\"https:\\\/\\\/softproof.com\\\/#organization\",\"name\":\"Proof GmbH\",\"url\":\"https:\\\/\\\/softproof.com\\\/\",\"logo\":{\"@type\":\"ImageObject\",\"inLanguage\":\"cs\",\"@id\":\"https:\\\/\\\/softproof.com\\\/#\\\/schema\\\/logo\\\/image\\\/\",\"url\":\"https:\\\/\\\/softproof.com\\\/wp-content\\\/uploads\\\/2023\\\/11\\\/spicon.png\",\"contentUrl\":\"https:\\\/\\\/softproof.com\\\/wp-content\\\/uploads\\\/2023\\\/11\\\/spicon.png\",\"width\":250,\"height\":250,\"caption\":\"Proof GmbH\"},\"image\":{\"@id\":\"https:\\\/\\\/softproof.com\\\/#\\\/schema\\\/logo\\\/image\\\/\"}}]}<\/script>\n<!-- \/ Yoast SEO plugin. -->","yoast_head_json":{"title":"Bezplatn\u00e1 konzultace - Softproof.com","robots":{"index":"index","follow":"follow","max-snippet":"max-snippet:-1","max-image-preview":"max-image-preview:large","max-video-preview":"max-video-preview:-1"},"canonical":"https:\/\/softproof.com\/cs\/schuzka-na-konzultaci\/","og_locale":"cs_CZ","og_type":"article","og_title":"Free consultation appointment - Softproof.com","og_description":"Consultation appointment via video call (15min) &#8211; Schedule a meeting","og_url":"https:\/\/softproof.com\/cs\/schuzka-na-konzultaci\/","og_site_name":"Softproof.com","article_modified_time":"2026-01-22T14:44:45+00:00","twitter_card":"summary_large_image","twitter_misc":{"Odhadovan\u00e1 doba \u010dten\u00ed":"1 minuta"},"schema":{"@context":"https:\/\/schema.org","@graph":[{"@type":"WebPage","@id":"https:\/\/softproof.com\/consultation-appointment\/","url":"https:\/\/softproof.com\/consultation-appointment\/","name":"Bezplatn\u00e1 konzultace - Softproof.com","isPartOf":{"@id":"https:\/\/softproof.com\/#website"},"datePublished":"2025-06-27T07:51:33+00:00","dateModified":"2026-01-22T14:44:45+00:00","breadcrumb":{"@id":"https:\/\/softproof.com\/consultation-appointment\/#breadcrumb"},"inLanguage":"cs","potentialAction":[{"@type":"ReadAction","target":["https:\/\/softproof.com\/consultation-appointment\/"]}]},{"@type":"BreadcrumbList","@id":"https:\/\/softproof.com\/consultation-appointment\/#breadcrumb","itemListElement":[{"@type":"ListItem","position":1,"name":"Home","item":"https:\/\/softproof.com\/"},{"@type":"ListItem","position":2,"name":"Free consultation appointment"}]},{"@type":"WebSite","@id":"https:\/\/softproof.com\/#website","url":"https:\/\/softproof.com\/","name":"Softproof.com","description":"Softproofing je snadn\u00fd...","publisher":{"@id":"https:\/\/softproof.com\/#organization"},"potentialAction":[{"@type":"SearchAction","target":{"@type":"EntryPoint","urlTemplate":"https:\/\/softproof.com\/?s={search_term_string}"},"query-input":{"@type":"PropertyValueSpecification","valueRequired":true,"valueName":"search_term_string"}}],"inLanguage":"cs"},{"@type":"Organization","@id":"https:\/\/softproof.com\/#organization","name":"Proof GmbH","url":"https:\/\/softproof.com\/","logo":{"@type":"ImageObject","inLanguage":"cs","@id":"https:\/\/softproof.com\/#\/schema\/logo\/image\/","url":"https:\/\/softproof.com\/wp-content\/uploads\/2023\/11\/spicon.png","contentUrl":"https:\/\/softproof.com\/wp-content\/uploads\/2023\/11\/spicon.png","width":250,"height":250,"caption":"Proof GmbH"},"image":{"@id":"https:\/\/softproof.com\/#\/schema\/logo\/image\/"}}]}},"_links":{"self":[{"href":"https:\/\/softproof.com\/cs\/wp-json\/wp\/v2\/pages\/3400","targetHints":{"allow":["GET"]}}],"collection":[{"href":"https:\/\/softproof.com\/cs\/wp-json\/wp\/v2\/pages"}],"about":[{"href":"https:\/\/softproof.com\/cs\/wp-json\/wp\/v2\/types\/page"}],"author":[{"embeddable":true,"href":"https:\/\/softproof.com\/cs\/wp-json\/wp\/v2\/users\/1"}],"replies":[{"embeddable":true,"href":"https:\/\/softproof.com\/cs\/wp-json\/wp\/v2\/comments?post=3400"}],"version-history":[{"count":4,"href":"https:\/\/softproof.com\/cs\/wp-json\/wp\/v2\/pages\/3400\/revisions"}],"predecessor-version":[{"id":3513,"href":"https:\/\/softproof.com\/cs\/wp-json\/wp\/v2\/pages\/3400\/revisions\/3513"}],"wp:attachment":[{"href":"https:\/\/softproof.com\/cs\/wp-json\/wp\/v2\/media?parent=3400"}],"curies":[{"name":"wp","href":"https:\/\/api.w.org\/{rel}","templated":true}]}}