{"id":1830,"date":"2023-11-07T11:25:11","date_gmt":"2023-11-07T10:25:11","guid":{"rendered":"https:\/\/softproof.com\/?page_id=1830"},"modified":"2024-12-13T16:01:52","modified_gmt":"2024-12-13T15:01:52","slug":"softproof","status":"publish","type":"page","link":"https:\/\/softproof.com\/cs\/softproof\/","title":{"rendered":"Softproof"},"content":{"rendered":"<p>Softproof je barevn\u00fd n\u00e1tisk vazby, kter\u00fd se zobrazuje na hardwarov\u011b kalibrovan\u00e9 obrazovce. Hardcopy proof je naopak n\u00e1hled na pap\u00ed\u0159e.<\/p>\n\n\n\n<p>V\u00fdhody softproofu jsou z\u0159ejm\u00e9: je rychl\u00fd, nestoj\u00ed \u017e\u00e1dn\u00fd pap\u00edr ani inkoust a lze jej spolehliv\u011b reprodukovat bez v\u011bt\u0161\u00edho \u00fasil\u00ed. Monitory maj\u00ed nav\u00edc velmi \u0161irok\u00fd barevn\u00fd prostor a v p\u0159\u00edpad\u011b pot\u0159eby je lze rychle linearizovat a kalibrovat.<\/p>\n\n\n\n<p>Dne\u0161n\u00ed softproofingov\u00e9 stanice se dod\u00e1vaj\u00ed s integrovan\u00fdm krytem a osv\u011btlen\u00edm, tak\u017ee softproof na monitoru lze zobrazit p\u0159\u00edmo v pevn\u00e9m a validovan\u00e9m prost\u0159ed\u00ed. P\u0159\u00edmo vedle softproofingov\u00e9ho monitoru lze tak\u00e9 zobrazit tiskov\u00fd nebo pap\u00edrov\u00fd n\u00e1tisk s p\u0159esnost\u00ed barev.<\/p>\n\n\n\n<p>Mnoho v\u00fdrobc\u016f monitor\u016f, nap\u0159\u00edklad Benq, Viewsonic, Eizo a dal\u0161\u00ed, nab\u00edz\u00ed \u0159e\u0161en\u00ed monitor\u016f s p\u0159esn\u00fdm pod\u00e1n\u00edm barev. Tato \u0159e\u0161en\u00ed mohou integrovat softwarov\u00e9 stanice a pracovn\u00ed postupy. Co v\u00edc pot\u0159ebujete: Samoz\u0159ejm\u011b \u0159e\u0161en\u00ed osv\u011btlen\u00ed, nejl\u00e9pe s LED sv\u011btlem, jak\u00e9 dnes nab\u00edzej\u00ed Just, GTI nebo Lacunasolutions. N\u011bkdy je dokonce softproofingov\u00fd software schopen nastavit sv\u011btlo v digesto\u0159i nebo nad softproofingovou obrazovkou tak, aby dokonale odpov\u00eddalo po\u017eadavk\u016fm. A nakonec samoz\u0159ejm\u011b pot\u0159ebujete softproofingov\u00fd software, jako je Spectraproof nebo Remote Director.<\/p>\n\n\n\n<p>Nev\u00fdhody: Zejm\u00e9na p\u0159i kontrole tisku je porovn\u00e1n\u00ed pap\u00edrov\u00e9 p\u0159edlohy s fin\u00e1ln\u00edm v\u00fdtiskem podstatn\u011b jednodu\u0161\u0161\u00ed ne\u017e porovn\u00e1n\u00ed samosv\u00edt\u00edc\u00edho displeje s pasivn\u011b osv\u011btlen\u00fdm pap\u00edrem. Nav\u00edc podle normy pro ofsetov\u00fd proces mus\u00ed b\u00fdt n\u00e1tisk prov\u00e1d\u011bn p\u0159i velmi jasn\u00e9m sv\u011btle (2000 lux\u016f). Pro softproofing je naopak t\u0159eba sv\u011btlo ztlumit na nejm\u00e9n\u011b 700 lux\u016f. V\u011bt\u0161ina softproofingov\u00fdch monitor\u016f je kalibrov\u00e1na na 120 a\u017e 180 kandel, n\u011bkter\u00e9 monitory sice dok\u00e1\u017e\u00ed zobrazit 350 kandel, ale ty nejsou schopny zobrazit pln\u00fd barevn\u00fd gamut ISOCoatedV2.<\/p>\n\n\n\n<p>Vzhledem k tomu, \u017ee technologie monitor\u016f se st\u00e1le vyv\u00edj\u00ed, m\u011bkk\u00e1 izolace se jist\u011b dlouhodob\u011b prosad\u00ed. V sou\u010dasn\u00e9 dob\u011b je v\u0161ak b\u011b\u017en\u00fdm \u0159e\u0161en\u00edm kontroly barevnosti tisku prost\u00e1 pap\u00edrov\u00e1 n\u00e1hledov\u00e1 kopie.<\/p>\n\n\n\n<p>\u0158e\u0161en\u00ed Spectraproof, vyvinut\u00e9 spole\u010dnost\u00ed Lacunasolutions, renomovanou spole\u010dnost\u00ed v oblasti spr\u00e1vy barev a digit\u00e1ln\u00edho tisku, je softproofingov\u00e9 \u0159e\u0161en\u00ed. Softproofing ozna\u010duje proces prohl\u00ed\u017een\u00ed digit\u00e1ln\u00edch n\u00e1hled\u016f na obrazovce po\u010d\u00edta\u010de, kter\u00fd simuluje, jak bude vypadat kone\u010dn\u00fd ti\u0161t\u011bn\u00fd v\u00fdstup.&nbsp;<\/p>\n\n\n\n<p>Spectraproof je navr\u017een tak, aby poskytoval p\u0159esnou reprezentaci barev a zajistil konzistenci mezi digit\u00e1ln\u00edm n\u00e1hledem a kone\u010dn\u00fdm ti\u0161t\u011bn\u00fdm v\u00fdstupem. Nab\u00edz\u00ed \u0159adu funkc\u00ed, kter\u00e9 u\u017eivatel\u016fm pom\u00e1haj\u00ed \u010dinit informovan\u00e1 rozhodnut\u00ed o p\u0159esnosti barev. Pat\u0159\u00ed mezi n\u011b spr\u00e1va barev, kalibrace barev a profilov\u00e1n\u00ed barev. Pomoc\u00ed Spectraproof mohou u\u017eivatel\u00e9 snadno simulovat r\u016fzn\u00e9 podm\u00ednky tisku, nap\u0159\u00edklad r\u016fzn\u00e9 typy pap\u00edru nebo tiskov\u00fdch za\u0159\u00edzen\u00ed. T\u00edm je zaji\u0161t\u011bno, \u017ee digit\u00e1ln\u00ed n\u00e1tisk p\u0159esn\u011b reprezentuje kone\u010dn\u00fd vyti\u0161t\u011bn\u00fd v\u00fdsledek. Software tak\u00e9 umo\u017e\u0148uje u\u017eivatel\u016fm porovnat n\u011bkolik n\u00e1hled\u016f vedle sebe, co\u017e usnad\u0148uje identifikaci p\u0159\u00edpadn\u00fdch nesrovnalost\u00ed nebo rozd\u00edl\u016f v barv\u00e1ch.&nbsp;<\/p>\n\n\n\n<p>Krom\u011b toho Spectraproof podporuje v\u00edce standardn\u00edch barevn\u00fdch prostor\u016f a form\u00e1t\u016f soubor\u016f, co\u017e zaji\u0161\u0165uje kompatibilitu s r\u016fzn\u00fdmi pracovn\u00edmi postupy a syst\u00e9my. Nab\u00edz\u00ed tak\u00e9 pokro\u010dil\u00e9 n\u00e1stroje pro korekci a \u00fapravu barev, kter\u00e9 u\u017eivatel\u016fm umo\u017e\u0148uj\u00ed jemn\u00e9 dolad\u011bn\u00ed barev a proveden\u00ed pot\u0159ebn\u00fdch \u00faprav.&nbsp;<\/p>\n\n\n\n<p>Celkov\u011b vzato je Spectraproof od Lacunasolutions v\u00fdkonn\u00fdm \u0159e\u0161en\u00edm softproofingu. Pom\u00e1h\u00e1 u\u017eivatel\u016fm dos\u00e1hnout p\u0159esn\u00e9 a konzistentn\u00ed reprodukce barev v pracovn\u00edch postupech digit\u00e1ln\u00edho tisku.<\/p>","protected":false},"excerpt":{"rendered":"<p>A Softproof is a colour binding proof, that is displayed on a hardware calibrated screen. A Hardcopy proof, on the other hand, is a proof on paper. The advantages of softproof are obvious: it is fast, costs no paper or ink, and can be reproduced reliably with little effort. In addition, monitors have a very &#8230; <a title=\"Softproof\" class=\"read-more\" href=\"https:\/\/softproof.com\/cs\/softproof\/\" aria-label=\"\u010c\u00edst v\u00edce o Softproof\">P\u0159e\u010dt\u011bte si v\u00edce<\/a><\/p>","protected":false},"author":1,"featured_media":0,"parent":0,"menu_order":0,"comment_status":"closed","ping_status":"closed","template":"","meta":{"CBBTypography":[],"footnotes":""},"class_list":["post-1830","page","type-page","status-publish"],"yoast_head":"<!-- This site is optimized with the Yoast SEO plugin v27.5 - https:\/\/yoast.com\/product\/yoast-seo-wordpress\/ -->\n<title>Softproof - Softproof.com<\/title>\n<meta name=\"description\" content=\"A softproof is \u2013 in contrast to the classic \u201cHardcopy Proof\u201d on paper \u2013 is a proof, which is soley displayed on a monitor.\" \/>\n<meta name=\"robots\" content=\"index, follow, max-snippet:-1, max-image-preview:large, max-video-preview:-1\" \/>\n<link rel=\"canonical\" href=\"https:\/\/softproof.com\/cs\/softproof\/\" \/>\n<meta property=\"og:locale\" content=\"cs_CZ\" \/>\n<meta property=\"og:type\" content=\"article\" \/>\n<meta property=\"og:title\" content=\"Softproof - Softproof.com\" \/>\n<meta property=\"og:description\" content=\"A softproof is \u2013 in contrast to the classic \u201cHardcopy Proof\u201d on paper \u2013 is a proof, which is soley displayed on a monitor.\" \/>\n<meta property=\"og:url\" content=\"https:\/\/softproof.com\/cs\/softproof\/\" \/>\n<meta property=\"og:site_name\" content=\"Softproof.com\" \/>\n<meta property=\"article:modified_time\" content=\"2024-12-13T15:01:52+00:00\" \/>\n<meta name=\"twitter:card\" content=\"summary_large_image\" \/>\n<meta name=\"twitter:label1\" content=\"Odhadovan\u00e1 doba \u010dten\u00ed\" \/>\n\t<meta name=\"twitter:data1\" content=\"3 minuty\" \/>\n<script type=\"application\/ld+json\" class=\"yoast-schema-graph\">{\"@context\":\"https:\\\/\\\/schema.org\",\"@graph\":[{\"@type\":\"WebPage\",\"@id\":\"https:\\\/\\\/softproof.com\\\/softproof\\\/\",\"url\":\"https:\\\/\\\/softproof.com\\\/softproof\\\/\",\"name\":\"Softproof - Softproof.com\",\"isPartOf\":{\"@id\":\"https:\\\/\\\/softproof.com\\\/#website\"},\"datePublished\":\"2023-11-07T10:25:11+00:00\",\"dateModified\":\"2024-12-13T15:01:52+00:00\",\"description\":\"A softproof is \u2013 in contrast to the classic \u201cHardcopy Proof\u201d on paper \u2013 is a proof, which is soley displayed on a monitor.\",\"breadcrumb\":{\"@id\":\"https:\\\/\\\/softproof.com\\\/softproof\\\/#breadcrumb\"},\"inLanguage\":\"cs\",\"potentialAction\":[{\"@type\":\"ReadAction\",\"target\":[\"https:\\\/\\\/softproof.com\\\/softproof\\\/\"]}]},{\"@type\":\"BreadcrumbList\",\"@id\":\"https:\\\/\\\/softproof.com\\\/softproof\\\/#breadcrumb\",\"itemListElement\":[{\"@type\":\"ListItem\",\"position\":1,\"name\":\"Home\",\"item\":\"https:\\\/\\\/softproof.com\\\/\"},{\"@type\":\"ListItem\",\"position\":2,\"name\":\"Softproof\"}]},{\"@type\":\"WebSite\",\"@id\":\"https:\\\/\\\/softproof.com\\\/#website\",\"url\":\"https:\\\/\\\/softproof.com\\\/\",\"name\":\"Softproof.com\",\"description\":\"Softproofing made easy ...\",\"publisher\":{\"@id\":\"https:\\\/\\\/softproof.com\\\/#organization\"},\"potentialAction\":[{\"@type\":\"SearchAction\",\"target\":{\"@type\":\"EntryPoint\",\"urlTemplate\":\"https:\\\/\\\/softproof.com\\\/?s={search_term_string}\"},\"query-input\":{\"@type\":\"PropertyValueSpecification\",\"valueRequired\":true,\"valueName\":\"search_term_string\"}}],\"inLanguage\":\"cs\"},{\"@type\":\"Organization\",\"@id\":\"https:\\\/\\\/softproof.com\\\/#organization\",\"name\":\"Proof GmbH\",\"url\":\"https:\\\/\\\/softproof.com\\\/\",\"logo\":{\"@type\":\"ImageObject\",\"inLanguage\":\"cs\",\"@id\":\"https:\\\/\\\/softproof.com\\\/#\\\/schema\\\/logo\\\/image\\\/\",\"url\":\"https:\\\/\\\/softproof.com\\\/wp-content\\\/uploads\\\/2023\\\/11\\\/spicon.png\",\"contentUrl\":\"https:\\\/\\\/softproof.com\\\/wp-content\\\/uploads\\\/2023\\\/11\\\/spicon.png\",\"width\":250,\"height\":250,\"caption\":\"Proof GmbH\"},\"image\":{\"@id\":\"https:\\\/\\\/softproof.com\\\/#\\\/schema\\\/logo\\\/image\\\/\"}}]}<\/script>\n<!-- \/ Yoast SEO plugin. -->","yoast_head_json":{"title":"Softproof - Softproof.com","description":"Softproof je - na rozd\u00edl od klasick\u00e9ho \"Hardcopy Proof\" na pap\u00ed\u0159e - n\u00e1hled, kter\u00fd se zobrazuje pouze na monitoru.","robots":{"index":"index","follow":"follow","max-snippet":"max-snippet:-1","max-image-preview":"max-image-preview:large","max-video-preview":"max-video-preview:-1"},"canonical":"https:\/\/softproof.com\/cs\/softproof\/","og_locale":"cs_CZ","og_type":"article","og_title":"Softproof - Softproof.com","og_description":"A softproof is \u2013 in contrast to the classic \u201cHardcopy Proof\u201d on paper \u2013 is a proof, which is soley displayed on a monitor.","og_url":"https:\/\/softproof.com\/cs\/softproof\/","og_site_name":"Softproof.com","article_modified_time":"2024-12-13T15:01:52+00:00","twitter_card":"summary_large_image","twitter_misc":{"Odhadovan\u00e1 doba \u010dten\u00ed":"3 minuty"},"schema":{"@context":"https:\/\/schema.org","@graph":[{"@type":"WebPage","@id":"https:\/\/softproof.com\/softproof\/","url":"https:\/\/softproof.com\/softproof\/","name":"Softproof - Softproof.com","isPartOf":{"@id":"https:\/\/softproof.com\/#website"},"datePublished":"2023-11-07T10:25:11+00:00","dateModified":"2024-12-13T15:01:52+00:00","description":"Softproof je - na rozd\u00edl od klasick\u00e9ho \"Hardcopy Proof\" na pap\u00ed\u0159e - n\u00e1hled, kter\u00fd se zobrazuje pouze na monitoru.","breadcrumb":{"@id":"https:\/\/softproof.com\/softproof\/#breadcrumb"},"inLanguage":"cs","potentialAction":[{"@type":"ReadAction","target":["https:\/\/softproof.com\/softproof\/"]}]},{"@type":"BreadcrumbList","@id":"https:\/\/softproof.com\/softproof\/#breadcrumb","itemListElement":[{"@type":"ListItem","position":1,"name":"Home","item":"https:\/\/softproof.com\/"},{"@type":"ListItem","position":2,"name":"Softproof"}]},{"@type":"WebSite","@id":"https:\/\/softproof.com\/#website","url":"https:\/\/softproof.com\/","name":"Softproof.com","description":"Softproofing je snadn\u00fd...","publisher":{"@id":"https:\/\/softproof.com\/#organization"},"potentialAction":[{"@type":"SearchAction","target":{"@type":"EntryPoint","urlTemplate":"https:\/\/softproof.com\/?s={search_term_string}"},"query-input":{"@type":"PropertyValueSpecification","valueRequired":true,"valueName":"search_term_string"}}],"inLanguage":"cs"},{"@type":"Organization","@id":"https:\/\/softproof.com\/#organization","name":"Proof GmbH","url":"https:\/\/softproof.com\/","logo":{"@type":"ImageObject","inLanguage":"cs","@id":"https:\/\/softproof.com\/#\/schema\/logo\/image\/","url":"https:\/\/softproof.com\/wp-content\/uploads\/2023\/11\/spicon.png","contentUrl":"https:\/\/softproof.com\/wp-content\/uploads\/2023\/11\/spicon.png","width":250,"height":250,"caption":"Proof GmbH"},"image":{"@id":"https:\/\/softproof.com\/#\/schema\/logo\/image\/"}}]}},"_links":{"self":[{"href":"https:\/\/softproof.com\/cs\/wp-json\/wp\/v2\/pages\/1830","targetHints":{"allow":["GET"]}}],"collection":[{"href":"https:\/\/softproof.com\/cs\/wp-json\/wp\/v2\/pages"}],"about":[{"href":"https:\/\/softproof.com\/cs\/wp-json\/wp\/v2\/types\/page"}],"author":[{"embeddable":true,"href":"https:\/\/softproof.com\/cs\/wp-json\/wp\/v2\/users\/1"}],"replies":[{"embeddable":true,"href":"https:\/\/softproof.com\/cs\/wp-json\/wp\/v2\/comments?post=1830"}],"version-history":[{"count":6,"href":"https:\/\/softproof.com\/cs\/wp-json\/wp\/v2\/pages\/1830\/revisions"}],"predecessor-version":[{"id":3290,"href":"https:\/\/softproof.com\/cs\/wp-json\/wp\/v2\/pages\/1830\/revisions\/3290"}],"wp:attachment":[{"href":"https:\/\/softproof.com\/cs\/wp-json\/wp\/v2\/media?parent=1830"}],"curies":[{"name":"wp","href":"https:\/\/api.w.org\/{rel}","templated":true}]}}